{"id":120,"date":"2023-12-29T10:00:58","date_gmt":"2023-12-29T18:00:58","guid":{"rendered":"https:\/\/dulcemichoacan.com\/?page_id=120"},"modified":"2024-06-30T19:08:05","modified_gmt":"2024-07-01T02:08:05","slug":"ice-creams","status":"publish","type":"page","link":"https:\/\/dulcemichoacan.com\/es\/menu\/ice-creams\/","title":{"rendered":"Malteadas y Helados"},"content":{"rendered":"<div class=\"wp-block-uagb-container uagb-block-4a8d6d04 alignfull uagb-is-root-container\"><div class=\"uagb-container-inner-blocks-wrap\">\n<div class=\"wp-block-uagb-container uagb-block-c3b329c1\">\n<div class=\"wp-block-uagb-advanced-heading uagb-block-2b546399 animated bounceIn\"><h2 class=\"uagb-heading-text\">Buscando delivery o pickup?<\/h2><\/div>\n<\/div>\n\n\n\n<div class=\"wp-block-uagb-container uagb-block-dfb0e7cf\">\n<div class=\"wp-block-uagb-buttons uagb-buttons__outer-wrap uagb-btn__default-btn uagb-btn-tablet__default-btn uagb-btn-mobile__default-btn uagb-block-c7431c8f\"><div class=\"uagb-buttons__wrap uagb-buttons-layout-wrap\">\n<div class=\"wp-block-uagb-buttons-child uagb-buttons__outer-wrap uagb-block-8a27e747 wp-block-button animated bounceIn\"><div class=\"uagb-button__wrapper\"><a class=\"uagb-buttons-repeater wp-block-button__link\" aria-label=\"\" href=\"https:\/\/www.clover.com\/online-ordering\/dulce-michoacan-ice-cream-las-vegas\/\" rel=\"follow noopener\" target=\"_self\" role=\"button\"><div class=\"uagb-button__link\"> \u00a1Pide Aqu\u00ed!<\/div><\/a><\/div><\/div>\n<\/div><\/div>\n<\/div>\n<\/div><\/div>\n\n\n\n<div class=\"wp-block-uagb-container uagb-block-de1451e3 alignfull uagb-is-root-container\"><div class=\"uagb-container-inner-blocks-wrap\">\n<div class=\"wp-block-uagb-container uagb-block-13adf797\">\n<figure class=\"wp-block-video\"><video autoplay loop muted src=\"https:\/\/dulcemichoacan.com\/wp-content\/uploads\/2024\/01\/milkshake-min.mp4\"><\/video><\/figure>\n<\/div>\n\n\n\n<div class=\"wp-block-uagb-container uagb-block-a9a28f40\">\n<div class=\"wp-block-columns is-layout-flex wp-container-core-columns-is-layout-1 wp-block-columns-is-layout-flex\" style=\"border-width:2px;border-radius:20px;padding-top:var(--wp--preset--spacing--40);padding-right:var(--wp--preset--spacing--50);padding-bottom:var(--wp--preset--spacing--40);padding-left:var(--wp--preset--spacing--50)\">\n<div class=\"wp-block-column is-layout-flow wp-block-column-is-layout-flow\" style=\"flex-basis:66.66%\">\n<div class=\"wp-block-uagb-advanced-heading uagb-block-678609f5\"><h2 class=\"uagb-heading-text\">Malteadas<\/h2><p class=\"uagb-desc-text\">Puedes escoger cualquiera de los sabores de helado que tenemos en el men\u00fa <\/p><\/div>\n<\/div>\n\n\n\n<div class=\"wp-block-column is-layout-flow wp-block-column-is-layout-flow\" style=\"flex-basis:33.33%\">\n<div class=\"wp-block-uagb-advanced-heading uagb-block-65610b56\"><h4 class=\"uagb-heading-text\">$ 8.50<\/h4><p class=\"uagb-desc-text\">*Impuestos No Incluidos*<\/p><\/div>\n<\/div>\n<\/div>\n<\/div>\n<\/div><\/div>\n\n\n\n<div class=\"wp-block-uagb-container uagb-block-b5b3081a alignfull uagb-is-root-container\"><div class=\"uagb-container-inner-blocks-wrap\">\n<div class=\"wp-block-uagb-container uagb-block-8ac3c030\">\n<figure class=\"wp-block-video\"><video autoplay loop muted src=\"https:\/\/dulcemichoacan.com\/wp-content\/uploads\/2024\/01\/ice_cream_-_3461-540p.mp4\"><\/video><\/figure>\n<\/div>\n\n\n\n<div class=\"wp-block-uagb-container uagb-block-d49ab00e\">\n<div class=\"wp-block-columns is-layout-flex wp-container-core-columns-is-layout-2 wp-block-columns-is-layout-flex\" style=\"border-width:2px;border-radius:20px;padding-top:var(--wp--preset--spacing--40);padding-right:var(--wp--preset--spacing--50);padding-bottom:var(--wp--preset--spacing--40);padding-left:var(--wp--preset--spacing--50)\">\n<div class=\"wp-block-column is-layout-flow wp-block-column-is-layout-flow\" style=\"flex-basis:66.66%\">\n<div class=\"wp-block-uagb-advanced-heading uagb-block-b7cef687\"><h2 class=\"uagb-heading-text\">Helado<\/h2><p class=\"uagb-desc-text\">Puedes escoger cualquiera de los sabores que tenemos en el men\u00fa, tambi\u00e9n puedes agregarle un m\u00e1ximo de dos toppings para volverlo m\u00e1s sabroso.<\/p><\/div>\n<\/div>\n\n\n\n<div class=\"wp-block-column is-layout-flow wp-block-column-is-layout-flow\" style=\"flex-basis:33.33%\">\n<div class=\"wp-block-uagb-advanced-heading uagb-block-f5b0d51a\"><h4 class=\"uagb-heading-text\">1 scoop: $ 4.50<\/h4><p class=\"uagb-desc-text\">*Impuestos No Incluidos*<\/p><\/div>\n\n\n\n<div class=\"wp-block-uagb-advanced-heading uagb-block-35429710\"><h4 class=\"uagb-heading-text\">2 scoops: $ 6.50<\/h4><p class=\"uagb-desc-text\">*Impuestos No Incluidos*<\/p><\/div>\n\n\n\n<div class=\"wp-block-uagb-advanced-heading uagb-block-e92d9829\"><h4 class=\"uagb-heading-text\">3 scoops: $ 8.50<\/h4><p class=\"uagb-desc-text\">*Impuestos No Incluidos*<\/p><\/div>\n\n\n\n<div class=\"wp-block-uagb-advanced-heading uagb-block-8201591c\"><h4 class=\"uagb-heading-text\">Topping: $0.50 extra c\/u<\/h4><p class=\"uagb-desc-text\">*Impuestos No Incluidos* <\/p><\/div>\n<\/div>\n<\/div>\n<\/div>\n<\/div><\/div>\n\n\n\n<div class=\"wp-block-uagb-container uagb-block-4ddc50c9 alignfull uagb-is-root-container\"><div class=\"uagb-container-inner-blocks-wrap\">\n<div class=\"wp-block-uagb-advanced-heading uagb-block-9f367f9e\"><h2 class=\"uagb-heading-text\">Especialidades<\/h2><\/div>\n<\/div><\/div>\n\n\n\n<div class=\"wp-block-uagb-container uagb-block-fa198e54 alignfull uagb-is-root-container\"><div class=\"uagb-container-inner-blocks-wrap\">\n<div class=\"wp-block-uagb-container uagb-block-dc6f11c1\">\n<div class=\"wp-block-uagb-image aligncenter uagb-block-919fad22 wp-block-uagb-image--layout-default wp-block-uagb-image--effect-static wp-block-uagb-image--align-center\"><figure class=\"wp-block-uagb-image__figure\"><img decoding=\"async\" srcset=\"https:\/\/dulcemichoacan.com\/wp-content\/uploads\/2024\/01\/banana-1024x1024.jpg ,https:\/\/dulcemichoacan.com\/wp-content\/uploads\/2024\/01\/banana.jpg 780w, https:\/\/dulcemichoacan.com\/wp-content\/uploads\/2024\/01\/banana.jpg 360w\" sizes=\"(max-width: 480px) 150px\" src=\"https:\/\/dulcemichoacan.com\/wp-content\/uploads\/2024\/01\/banana-1024x1024.jpg\" alt=\"\" class=\"uag-image-666\" width=\"500\" height=\"500\" title=\"\" loading=\"lazy\" role=\"img\"\/><\/figure><\/div>\n<\/div>\n\n\n\n<div class=\"wp-block-uagb-container uagb-block-94896f97\">\n<div class=\"wp-block-uagb-container uagb-block-6e2ac148\">\n<div class=\"wp-block-columns is-layout-flex wp-container-core-columns-is-layout-3 wp-block-columns-is-layout-flex\">\n<div class=\"wp-block-column is-layout-flow wp-block-column-is-layout-flow\" style=\"flex-basis:66.66%\">\n<div class=\"wp-block-uagb-advanced-heading uagb-block-216ace61\"><h5 class=\"uagb-heading-text\">Banana Split<\/h5><\/div>\n<\/div>\n\n\n\n<div class=\"wp-block-column is-layout-flow wp-block-column-is-layout-flow\" style=\"flex-basis:33.33%\">\n<div class=\"wp-block-uagb-advanced-heading uagb-block-676241e1\"><h2 class=\"uagb-heading-text\">$9.99<\/h2><p class=\"uagb-desc-text\">*Impuestos No Incluidos*<\/p><\/div>\n<\/div>\n<\/div>\n<\/div>\n<\/div>\n<\/div><\/div>\n\n\n\n<div class=\"wp-block-uagb-container uagb-block-0950d2aa alignfull uagb-is-root-container\"><div class=\"uagb-container-inner-blocks-wrap\">\n<div class=\"wp-block-uagb-container uagb-block-7c1bfb45\">\n<div class=\"wp-block-uagb-image aligncenter uagb-block-8c4ff7b5 wp-block-uagb-image--layout-default wp-block-uagb-image--effect-static wp-block-uagb-image--align-center\"><figure class=\"wp-block-uagb-image__figure\"><img decoding=\"async\" srcset=\"https:\/\/dulcemichoacan.com\/wp-content\/uploads\/2024\/01\/3-marias-1024x1024.jpg ,https:\/\/dulcemichoacan.com\/wp-content\/uploads\/2024\/01\/3-marias.jpg 780w, https:\/\/dulcemichoacan.com\/wp-content\/uploads\/2024\/01\/3-marias.jpg 360w\" sizes=\"(max-width: 480px) 150px\" src=\"https:\/\/dulcemichoacan.com\/wp-content\/uploads\/2024\/01\/3-marias-1024x1024.jpg\" alt=\"\" class=\"uag-image-667\" width=\"500\" height=\"500\" title=\"\" loading=\"lazy\" role=\"img\"\/><\/figure><\/div>\n<\/div>\n\n\n\n<div class=\"wp-block-uagb-container uagb-block-0f2d8cff\">\n<div class=\"wp-block-uagb-container uagb-block-decfbcfc\">\n<div class=\"wp-block-columns is-layout-flex wp-container-core-columns-is-layout-4 wp-block-columns-is-layout-flex\">\n<div class=\"wp-block-column is-layout-flow wp-block-column-is-layout-flow\" style=\"flex-basis:66.66%\">\n<div class=\"wp-block-uagb-advanced-heading uagb-block-673ccd86\"><h5 class=\"uagb-heading-text\">3 Mar\u00edas<\/h5><\/div>\n<\/div>\n\n\n\n<div class=\"wp-block-column is-layout-flow wp-block-column-is-layout-flow\" style=\"flex-basis:33.33%\">\n<div class=\"wp-block-uagb-advanced-heading uagb-block-b1f81b8d\"><h2 class=\"uagb-heading-text\">$9.99<\/h2><p class=\"uagb-desc-text\">*Impuestos No Incluidos*<\/p><\/div>\n<\/div>\n<\/div>\n<\/div>\n<\/div>\n<\/div><\/div>\n\n\n\n<div class=\"wp-block-uagb-container uagb-block-c60924c1 alignfull uagb-is-root-container\"><div class=\"uagb-container-inner-blocks-wrap\">\n<div class=\"wp-block-uagb-container uagb-block-344585c6\">\n<div class=\"wp-block-uagb-image aligncenter uagb-block-b91e3c16 wp-block-uagb-image--layout-default wp-block-uagb-image--effect-static wp-block-uagb-image--align-center\"><figure class=\"wp-block-uagb-image__figure\"><img decoding=\"async\" srcset=\"https:\/\/dulcemichoacan.com\/wp-content\/uploads\/2024\/05\/Churro-Sundae-1024x1024.png ,https:\/\/dulcemichoacan.com\/wp-content\/uploads\/2024\/05\/Churro-Sundae.png 780w, https:\/\/dulcemichoacan.com\/wp-content\/uploads\/2024\/05\/Churro-Sundae.png 360w\" sizes=\"(max-width: 480px) 150px\" src=\"https:\/\/dulcemichoacan.com\/wp-content\/uploads\/2024\/05\/Churro-Sundae-1024x1024.png\" alt=\"\" class=\"uag-image-754\" width=\"500\" height=\"500\" title=\"Churro Sundae\" loading=\"lazy\" role=\"img\"\/><\/figure><\/div>\n<\/div>\n\n\n\n<div class=\"wp-block-uagb-container uagb-block-45295458\">\n<div class=\"wp-block-uagb-container uagb-block-e752772e\">\n<div class=\"wp-block-columns is-layout-flex wp-container-core-columns-is-layout-5 wp-block-columns-is-layout-flex\">\n<div class=\"wp-block-column is-layout-flow wp-block-column-is-layout-flow\" style=\"flex-basis:66.66%\">\n<div class=\"wp-block-uagb-advanced-heading uagb-block-7ec215f2\"><h5 class=\"uagb-heading-text\">Churro Sundae<\/h5><\/div>\n<\/div>\n\n\n\n<div class=\"wp-block-column is-layout-flow wp-block-column-is-layout-flow\" style=\"flex-basis:33.33%\">\n<div class=\"wp-block-uagb-advanced-heading uagb-block-37dad97e\"><h2 class=\"uagb-heading-text\">$9.99<\/h2><p class=\"uagb-desc-text\">*Impuestos No Incluidos*<\/p><\/div>\n<\/div>\n<\/div>\n<\/div>\n<\/div>\n<\/div><\/div>\n\n\n\n<div class=\"wp-block-uagb-container uagb-block-dbc30722 alignfull uagb-is-root-container\"><div class=\"uagb-container-inner-blocks-wrap\">\n<div class=\"wp-block-uagb-advanced-heading uagb-block-03bc0512\"><h2 class=\"uagb-heading-text\">Escoge tu Sabor Favorito<\/h2><\/div>\n<\/div><\/div>\n\n\n\n<div class=\"wp-block-uagb-container uagb-block-e8c750ba alignfull uagb-is-root-container\"><div class=\"uagb-container-inner-blocks-wrap\">\n<div class=\"wp-block-uagb-container uagb-block-27b7a507\">\n<div class=\"wp-block-uagb-image aligncenter uagb-block-72d0869b wp-block-uagb-image--layout-default wp-block-uagb-image--effect-zoomin wp-block-uagb-image--align-center\"><figure class=\"wp-block-uagb-image__figure\"><img decoding=\"async\" srcset=\"https:\/\/dulcemichoacan.com\/wp-content\/uploads\/2024\/01\/helados1-1-576x1024.jpg ,https:\/\/dulcemichoacan.com\/wp-content\/uploads\/2024\/01\/helados1-1.jpg 780w, https:\/\/dulcemichoacan.com\/wp-content\/uploads\/2024\/01\/helados1-1.jpg 360w\" sizes=\"(max-width: 480px) 150px\" src=\"https:\/\/dulcemichoacan.com\/wp-content\/uploads\/2024\/01\/helados1-1-576x1024.jpg\" alt=\"\" class=\"uag-image-235\" width=\"576\" height=\"1024\" title=\"\" loading=\"lazy\" role=\"img\"\/><\/figure><\/div>\n<\/div>\n\n\n\n<div class=\"wp-block-uagb-container uagb-block-620a77e2\">\n<ul style=\"background-color:#04bfad66\" class=\"has-ast-global-color-7-color has-text-color has-background has-link-color has-medium-font-size wp-elements-ab9cc8ec88a934351ff6f47e9ad449fc\">\n<li>Chocolate<\/li>\n\n\n\n<li>Nutella<\/li>\n\n\n\n<li>Mamey<\/li>\n\n\n\n<li>Nuez<\/li>\n\n\n\n<li>Chocomenta<\/li>\n\n\n\n<li>Fresa<\/li>\n\n\n\n<li>Oreo<\/li>\n\n\n\n<li>Coco<\/li>\n\n\n\n<li>Vainilla<\/li>\n\n\n\n<li>Rocky Road<\/li>\n\n\n\n<li>Ferrero Rocher<\/li>\n\n\n\n<li>Gansito<\/li>\n\n\n\n<li>Elote<\/li>\n\n\n\n<li>Pistache<\/li>\n\n\n\n<li>Algod\u00f3n de Azucar<\/li>\n\n\n\n<li>Cookie Dough<\/li>\n\n\n\n<li>Queso con Frutas<\/li>\n\n\n\n<li>Chongos<\/li>\n\n\n\n<li>Pi\u00f1a Colada<\/li>\n\n\n\n<li>Fresas con Crema<\/li>\n\n\n\n<li>Pay de queso con fresa<\/li>\n\n\n\n<li>Pi\u00f1\u00f3n<\/li>\n\n\n\n<li>P\u00e9talos de Rosa<\/li>\n\n\n\n<li>Queso Crema<\/li>\n\n\n\n<li>Rompope<\/li>\n\n\n\n<li>Yogurt Griego con fruta *Endulzado con la fruta del monje*<\/li>\n<\/ul>\n<\/div>\n\n\n\n<div class=\"wp-block-uagb-container uagb-block-51444ce8\">\n<div class=\"wp-block-uagb-image uagb-block-9cb55ffc wp-block-uagb-image--layout-default wp-block-uagb-image--effect-zoomin wp-block-uagb-image--align-none\"><figure class=\"wp-block-uagb-image__figure\"><img decoding=\"async\" srcset=\"https:\/\/dulcemichoacan.com\/wp-content\/uploads\/2024\/01\/helados6-576x1024.jpg ,https:\/\/dulcemichoacan.com\/wp-content\/uploads\/2024\/01\/helados6.jpg 780w, https:\/\/dulcemichoacan.com\/wp-content\/uploads\/2024\/01\/helados6.jpg 360w\" sizes=\"(max-width: 480px) 150px\" src=\"https:\/\/dulcemichoacan.com\/wp-content\/uploads\/2024\/01\/helados6-576x1024.jpg\" alt=\"\" class=\"uag-image-234\" width=\"576\" height=\"1024\" title=\"\" loading=\"lazy\" role=\"img\"\/><\/figure><\/div>\n<\/div>\n<\/div><\/div>\n\n\n\t\t\t\t\t<div\n\t\t\t\t\t\tclass=\"wp-block-uagb-image-gallery uagb-block-f8ff64db\"\n\t\t\t\t\t\tstyle=\"\"\n\t\t\t\t\t>\n\t\t\t\t\t\t\t\t\t\t\t<div class=\"spectra-image-gallery spectra-image-gallery__layout--grid spectra-image-gallery__layout--grid-col-3 spectra-image-gallery__layout--grid-col-tab-3 spectra-image-gallery__layout--grid-col-mob-2\">\n\t\t\t\t\t\t\t\t\t\t\t<div class='spectra-image-gallery__media-wrapper' data-spectra-gallery-image-id='451'>\n\t\t\t\t\t\t\t<div class=\"spectra-image-gallery__media spectra-image-gallery__media--grid\">\n\t\t\t\t<picture>\n\t\t\t\t\t<source media=\"(min-width: 1024px)\" srcset=\"https:\/\/dulcemichoacan.com\/wp-content\/uploads\/2024\/01\/galeriah1.jpg\">\n\t\t\t\t\t<source media=\"(min-width: 768px)\" srcset=\"https:\/\/dulcemichoacan.com\/wp-content\/uploads\/2024\/01\/galeriah1.jpg\">\n\t\t\t\t\t<img decoding=\"async\" class=\"spectra-image-gallery__media-thumbnail spectra-image-gallery__media-thumbnail--grid\" src=\"https:\/\/dulcemichoacan.com\/wp-content\/uploads\/2024\/01\/galeriah1-300x300.jpg\" alt=\"\" loading=\"lazy\" \/>\n\t\t\t\t<\/picture>\n\t\t\t\t<div class=\"spectra-image-gallery__media-thumbnail-blurrer\"><\/div>\n\t\t\t\t\t\t\t\t\t\t\t<div class=\"spectra-image-gallery__media-thumbnail-caption-wrapper spectra-image-gallery__media-thumbnail-caption-wrapper--overlay\"><\/div>\n\t\t\t\t\t\t\t\t<\/div>\n\t\t\t\t\t\t<\/div>\n\t\t\t\t\t\t<div class='spectra-image-gallery__media-wrapper' data-spectra-gallery-image-id='452'>\n\t\t\t\t\t\t\t<div class=\"spectra-image-gallery__media spectra-image-gallery__media--grid\">\n\t\t\t\t<picture>\n\t\t\t\t\t<source media=\"(min-width: 1024px)\" srcset=\"https:\/\/dulcemichoacan.com\/wp-content\/uploads\/2024\/01\/galeriah2.jpg\">\n\t\t\t\t\t<source media=\"(min-width: 768px)\" srcset=\"https:\/\/dulcemichoacan.com\/wp-content\/uploads\/2024\/01\/galeriah2.jpg\">\n\t\t\t\t\t<img decoding=\"async\" class=\"spectra-image-gallery__media-thumbnail spectra-image-gallery__media-thumbnail--grid\" src=\"https:\/\/dulcemichoacan.com\/wp-content\/uploads\/2024\/01\/galeriah2-300x300.jpg\" alt=\"\" loading=\"lazy\" \/>\n\t\t\t\t<\/picture>\n\t\t\t\t<div class=\"spectra-image-gallery__media-thumbnail-blurrer\"><\/div>\n\t\t\t\t\t\t\t\t\t\t\t<div class=\"spectra-image-gallery__media-thumbnail-caption-wrapper spectra-image-gallery__media-thumbnail-caption-wrapper--overlay\"><\/div>\n\t\t\t\t\t\t\t\t<\/div>\n\t\t\t\t\t\t<\/div>\n\t\t\t\t\t\t<div class='spectra-image-gallery__media-wrapper' data-spectra-gallery-image-id='453'>\n\t\t\t\t\t\t\t<div class=\"spectra-image-gallery__media spectra-image-gallery__media--grid\">\n\t\t\t\t<picture>\n\t\t\t\t\t<source media=\"(min-width: 1024px)\" srcset=\"https:\/\/dulcemichoacan.com\/wp-content\/uploads\/2024\/01\/galeriah3.jpg\">\n\t\t\t\t\t<source media=\"(min-width: 768px)\" srcset=\"https:\/\/dulcemichoacan.com\/wp-content\/uploads\/2024\/01\/galeriah3.jpg\">\n\t\t\t\t\t<img decoding=\"async\" class=\"spectra-image-gallery__media-thumbnail spectra-image-gallery__media-thumbnail--grid\" src=\"https:\/\/dulcemichoacan.com\/wp-content\/uploads\/2024\/01\/galeriah3-300x300.jpg\" alt=\"\" loading=\"lazy\" \/>\n\t\t\t\t<\/picture>\n\t\t\t\t<div class=\"spectra-image-gallery__media-thumbnail-blurrer\"><\/div>\n\t\t\t\t\t\t\t\t\t\t\t<div class=\"spectra-image-gallery__media-thumbnail-caption-wrapper spectra-image-gallery__media-thumbnail-caption-wrapper--overlay\"><\/div>\n\t\t\t\t\t\t\t\t<\/div>\n\t\t\t\t\t\t<\/div>\n\t\t\t\t\t\t<div class='spectra-image-gallery__media-wrapper' data-spectra-gallery-image-id='455'>\n\t\t\t\t\t\t\t<div class=\"spectra-image-gallery__media spectra-image-gallery__media--grid\">\n\t\t\t\t<picture>\n\t\t\t\t\t<source media=\"(min-width: 1024px)\" srcset=\"https:\/\/dulcemichoacan.com\/wp-content\/uploads\/2024\/01\/galeriah5.jpg\">\n\t\t\t\t\t<source media=\"(min-width: 768px)\" srcset=\"https:\/\/dulcemichoacan.com\/wp-content\/uploads\/2024\/01\/galeriah5.jpg\">\n\t\t\t\t\t<img decoding=\"async\" class=\"spectra-image-gallery__media-thumbnail spectra-image-gallery__media-thumbnail--grid\" src=\"https:\/\/dulcemichoacan.com\/wp-content\/uploads\/2024\/01\/galeriah5-300x300.jpg\" alt=\"\" loading=\"lazy\" \/>\n\t\t\t\t<\/picture>\n\t\t\t\t<div class=\"spectra-image-gallery__media-thumbnail-blurrer\"><\/div>\n\t\t\t\t\t\t\t\t\t\t\t<div class=\"spectra-image-gallery__media-thumbnail-caption-wrapper spectra-image-gallery__media-thumbnail-caption-wrapper--overlay\"><\/div>\n\t\t\t\t\t\t\t\t<\/div>\n\t\t\t\t\t\t<\/div>\n\t\t\t\t\t\t<div class='spectra-image-gallery__media-wrapper' data-spectra-gallery-image-id='456'>\n\t\t\t\t\t\t\t<div class=\"spectra-image-gallery__media spectra-image-gallery__media--grid\">\n\t\t\t\t<picture>\n\t\t\t\t\t<source media=\"(min-width: 1024px)\" srcset=\"https:\/\/dulcemichoacan.com\/wp-content\/uploads\/2024\/01\/galeriah6.jpg\">\n\t\t\t\t\t<source media=\"(min-width: 768px)\" srcset=\"https:\/\/dulcemichoacan.com\/wp-content\/uploads\/2024\/01\/galeriah6.jpg\">\n\t\t\t\t\t<img decoding=\"async\" class=\"spectra-image-gallery__media-thumbnail spectra-image-gallery__media-thumbnail--grid\" src=\"https:\/\/dulcemichoacan.com\/wp-content\/uploads\/2024\/01\/galeriah6-300x300.jpg\" alt=\"\" loading=\"lazy\" \/>\n\t\t\t\t<\/picture>\n\t\t\t\t<div class=\"spectra-image-gallery__media-thumbnail-blurrer\"><\/div>\n\t\t\t\t\t\t\t\t\t\t\t<div class=\"spectra-image-gallery__media-thumbnail-caption-wrapper spectra-image-gallery__media-thumbnail-caption-wrapper--overlay\"><\/div>\n\t\t\t\t\t\t\t\t<\/div>\n\t\t\t\t\t\t<\/div>\n\t\t\t\t\t\t<div class='spectra-image-gallery__media-wrapper' data-spectra-gallery-image-id='542'>\n\t\t\t\t\t\t\t<div class=\"spectra-image-gallery__media spectra-image-gallery__media--grid\">\n\t\t\t\t<picture>\n\t\t\t\t\t<source media=\"(min-width: 1024px)\" srcset=\"https:\/\/dulcemichoacan.com\/wp-content\/uploads\/2024\/01\/c95f602e-0ae0-4e74-80a6-76a9e56d7309.jpg\">\n\t\t\t\t\t<source media=\"(min-width: 768px)\" srcset=\"https:\/\/dulcemichoacan.com\/wp-content\/uploads\/2024\/01\/c95f602e-0ae0-4e74-80a6-76a9e56d7309.jpg\">\n\t\t\t\t\t<img decoding=\"async\" class=\"spectra-image-gallery__media-thumbnail spectra-image-gallery__media-thumbnail--grid\" src=\"https:\/\/dulcemichoacan.com\/wp-content\/uploads\/2024\/01\/c95f602e-0ae0-4e74-80a6-76a9e56d7309-300x300.jpg\" alt=\"\" loading=\"lazy\" \/>\n\t\t\t\t<\/picture>\n\t\t\t\t<div class=\"spectra-image-gallery__media-thumbnail-blurrer\"><\/div>\n\t\t\t\t\t\t\t\t\t\t\t<div class=\"spectra-image-gallery__media-thumbnail-caption-wrapper spectra-image-gallery__media-thumbnail-caption-wrapper--overlay\"><\/div>\n\t\t\t\t\t\t\t\t<\/div>\n\t\t\t\t\t\t<\/div>\n\t\t\t\t\t\t\t\t\t\t<\/div>\n\t\t\t\t\t\t\t\t\t\t\t\t\t\t\t\t\t\t<\/div>","protected":false},"excerpt":{"rendered":"<p>Looking for Delivery or pickup? shakes You can choose any of the ice cream flavors we have on the menu. $ 8.50 * Taxes not included * Ice Cream You can choose any of the ice cream flavors we have on the menu. Also you can add a max of 2 toppings to make it [&hellip;]<\/p>","protected":false},"author":1,"featured_media":201,"parent":58,"menu_order":0,"comment_status":"closed","ping_status":"closed","template":"","meta":{"_uag_custom_page_level_css":"","site-sidebar-layout":"default","site-content-layout":"","ast-site-content-layout":"default","site-content-style":"default","site-sidebar-style":"default","ast-global-header-display":"","ast-banner-title-visibility":"","ast-main-header-display":"","ast-hfb-above-header-display":"","ast-hfb-below-header-display":"","ast-hfb-mobile-header-display":"","site-post-title":"","ast-breadcrumbs-content":"","ast-featured-img":"","footer-sml-layout":"","theme-transparent-header-meta":"default","adv-header-id-meta":"","stick-header-meta":"","header-above-stick-meta":"","header-main-stick-meta":"","header-below-stick-meta":"","astra-migrate-meta-layouts":"set","ast-page-background-enabled":"default","ast-page-background-meta":{"desktop":{"background-color":"var(--ast-global-color-4)","background-image":"","background-repeat":"repeat","background-position":"center center","background-size":"auto","background-attachment":"scroll","background-type":"","background-media":"","overlay-type":"","overlay-color":"","overlay-opacity":"","overlay-gradient":""},"tablet":{"background-color":"","background-image":"","background-repeat":"repeat","background-position":"center center","background-size":"auto","background-attachment":"scroll","background-type":"","background-media":"","overlay-type":"","overlay-color":"","overlay-opacity":"","overlay-gradient":""},"mobile":{"background-color":"","background-image":"","background-repeat":"repeat","background-position":"center center","background-size":"auto","background-attachment":"scroll","background-type":"","background-media":"","overlay-type":"","overlay-color":"","overlay-opacity":"","overlay-gradient":""}},"ast-content-background-meta":{"desktop":{"background-color":"var(--ast-global-color-5)","background-image":"","background-repeat":"repeat","background-position":"center center","background-size":"auto","background-attachment":"scroll","background-type":"","background-media":"","overlay-type":"","overlay-color":"","overlay-opacity":"","overlay-gradient":""},"tablet":{"background-color":"var(--ast-global-color-5)","background-image":"","background-repeat":"repeat","background-position":"center center","background-size":"auto","background-attachment":"scroll","background-type":"","background-media":"","overlay-type":"","overlay-color":"","overlay-opacity":"","overlay-gradient":""},"mobile":{"background-color":"var(--ast-global-color-5)","background-image":"","background-repeat":"repeat","background-position":"center center","background-size":"auto","background-attachment":"scroll","background-type":"","background-media":"","overlay-type":"","overlay-color":"","overlay-opacity":"","overlay-gradient":""}},"_themeisle_gutenberg_block_has_review":false,"footnotes":""},"uagb_featured_image_src":{"full":["https:\/\/dulcemichoacan.com\/wp-content\/uploads\/2024\/01\/helado2.jpg",900,1600,false],"thumbnail":["https:\/\/dulcemichoacan.com\/wp-content\/uploads\/2024\/01\/helado2-150x150.jpg",150,150,true],"medium":["https:\/\/dulcemichoacan.com\/wp-content\/uploads\/2024\/01\/helado2-169x300.jpg",169,300,true],"medium_large":["https:\/\/dulcemichoacan.com\/wp-content\/uploads\/2024\/01\/helado2-768x1365.jpg",768,1365,true],"large":["https:\/\/dulcemichoacan.com\/wp-content\/uploads\/2024\/01\/helado2-576x1024.jpg",576,1024,true],"1536x1536":["https:\/\/dulcemichoacan.com\/wp-content\/uploads\/2024\/01\/helado2-864x1536.jpg",864,1536,true],"2048x2048":["https:\/\/dulcemichoacan.com\/wp-content\/uploads\/2024\/01\/helado2.jpg",900,1600,false],"trp-custom-language-flag":["https:\/\/dulcemichoacan.com\/wp-content\/uploads\/2024\/01\/helado2.jpg",7,12,false]},"uagb_author_info":{"display_name":"ddraig","author_link":"https:\/\/dulcemichoacan.com\/es\/author\/ddraig\/"},"uagb_comment_info":0,"uagb_excerpt":"Looking for Delivery or pickup? shakes You can choose any of the ice cream flavors we have on the menu. $ 8.50 * Taxes not included * Ice Cream You can choose any of the ice cream flavors we have on the menu. Also you can add a max of 2 toppings to make it&hellip;","_links":{"self":[{"href":"https:\/\/dulcemichoacan.com\/es\/wp-json\/wp\/v2\/pages\/120"}],"collection":[{"href":"https:\/\/dulcemichoacan.com\/es\/wp-json\/wp\/v2\/pages"}],"about":[{"href":"https:\/\/dulcemichoacan.com\/es\/wp-json\/wp\/v2\/types\/page"}],"author":[{"embeddable":true,"href":"https:\/\/dulcemichoacan.com\/es\/wp-json\/wp\/v2\/users\/1"}],"replies":[{"embeddable":true,"href":"https:\/\/dulcemichoacan.com\/es\/wp-json\/wp\/v2\/comments?post=120"}],"version-history":[{"count":11,"href":"https:\/\/dulcemichoacan.com\/es\/wp-json\/wp\/v2\/pages\/120\/revisions"}],"predecessor-version":[{"id":900,"href":"https:\/\/dulcemichoacan.com\/es\/wp-json\/wp\/v2\/pages\/120\/revisions\/900"}],"up":[{"embeddable":true,"href":"https:\/\/dulcemichoacan.com\/es\/wp-json\/wp\/v2\/pages\/58"}],"wp:featuredmedia":[{"embeddable":true,"href":"https:\/\/dulcemichoacan.com\/es\/wp-json\/wp\/v2\/media\/201"}],"wp:attachment":[{"href":"https:\/\/dulcemichoacan.com\/es\/wp-json\/wp\/v2\/media?parent=120"}],"curies":[{"name":"wp","href":"https:\/\/api.w.org\/{rel}","templated":true}]}}