{"id":160,"date":"2024-01-10T11:56:20","date_gmt":"2024-01-10T19:56:20","guid":{"rendered":"https:\/\/dulcemichoacan.com\/?page_id=160"},"modified":"2024-06-30T19:11:27","modified_gmt":"2024-07-01T02:11:27","slug":"mexican-snacks","status":"publish","type":"page","link":"https:\/\/dulcemichoacan.com\/es\/menu\/mexican-snacks\/","title":{"rendered":"Botanas Mexicanas"},"content":{"rendered":"<div class=\"wp-block-uagb-container uagb-block-2251696d alignfull uagb-is-root-container\"><div class=\"uagb-container-inner-blocks-wrap\">\n<div class=\"wp-block-uagb-container uagb-block-9b6da69e\">\n<div class=\"wp-block-uagb-advanced-heading uagb-block-bf4e7123 animated bounceIn\"><h2 class=\"uagb-heading-text\">Buscando delivery o pickup?<\/h2><\/div>\n<\/div>\n\n\n\n<div class=\"wp-block-uagb-container uagb-block-e91fefb2\">\n<div class=\"wp-block-uagb-buttons uagb-buttons__outer-wrap uagb-btn__default-btn uagb-btn-tablet__default-btn uagb-btn-mobile__default-btn uagb-block-959f0c6c\"><div class=\"uagb-buttons__wrap uagb-buttons-layout-wrap\">\n<div class=\"wp-block-uagb-buttons-child uagb-buttons__outer-wrap uagb-block-bdc9c037 wp-block-button animated bounceIn\"><div class=\"uagb-button__wrapper\"><a class=\"uagb-buttons-repeater wp-block-button__link\" aria-label=\"\" href=\"https:\/\/www.clover.com\/online-ordering\/dulce-michoacan-ice-cream-las-vegas\/\" rel=\"follow noopener\" target=\"_self\" role=\"button\"><div class=\"uagb-button__link\"> \u00a1Pide Aqu\u00ed!<\/div><\/a><\/div><\/div>\n<\/div><\/div>\n<\/div>\n<\/div><\/div>\n\n\n\n<div class=\"wp-block-uagb-container uagb-block-fa198e54 alignfull uagb-is-root-container\"><div class=\"uagb-container-inner-blocks-wrap\">\n<div class=\"wp-block-uagb-container uagb-block-dc6f11c1\">\n<div class=\"wp-block-uagb-image aligncenter uagb-block-ae383c07 wp-block-uagb-image--layout-default wp-block-uagb-image--effect-static wp-block-uagb-image--align-center\"><figure class=\"wp-block-uagb-image__figure\"><img decoding=\"async\" srcset=\"https:\/\/dulcemichoacan.com\/wp-content\/uploads\/2023\/12\/menu-1.jpg ,https:\/\/dulcemichoacan.com\/wp-content\/uploads\/2023\/12\/menu-1.jpg 780w, https:\/\/dulcemichoacan.com\/wp-content\/uploads\/2023\/12\/menu-1.jpg 360w\" sizes=\"(max-width: 480px) 150px\" src=\"https:\/\/dulcemichoacan.com\/wp-content\/uploads\/2023\/12\/menu-1.jpg\" alt=\"\" class=\"uag-image-108\" width=\"500\" height=\"500\" title=\"\" loading=\"lazy\" role=\"img\"\/><\/figure><\/div>\n<\/div>\n\n\n\n<div class=\"wp-block-uagb-container uagb-block-d3e82ab5\">\n<div class=\"wp-block-uagb-advanced-heading uagb-block-c8b74e49\"><h3 class=\"uagb-heading-text\">Elote Mexicano<\/h3><p class=\"uagb-desc-text\">M\u00e1s Sabrosos de lo que crees<\/p><\/div>\n\n\n\n<div class=\"wp-block-uagb-container uagb-block-483f32a3\">\n<div class=\"wp-block-columns is-layout-flex wp-container-core-columns-is-layout-1 wp-block-columns-is-layout-flex\">\n<div class=\"wp-block-column is-layout-flow wp-block-column-is-layout-flow\" style=\"flex-basis:66.66%\">\n<div class=\"wp-block-uagb-advanced-heading uagb-block-fcc5b6ed\"><h5 class=\"uagb-heading-text\">Elote<\/h5><p class=\"uagb-desc-text\">Elote entero con mayonesa, queso cotija, mantequilla, chile en polvo o Hot cheetos<\/p><\/div>\n<\/div>\n\n\n\n<div class=\"wp-block-column is-layout-flow wp-block-column-is-layout-flow\" style=\"flex-basis:33.33%\">\n<div class=\"wp-block-uagb-advanced-heading uagb-block-8743d834\"><h2 class=\"uagb-heading-text\">$4.39<\/h2><p class=\"uagb-desc-text\">*Impuestos No Incluidos*<\/p><\/div>\n<\/div>\n<\/div>\n<\/div>\n\n\n\n<div class=\"wp-block-uagb-container uagb-block-1304c686\">\n<div class=\"wp-block-columns is-layout-flex wp-container-core-columns-is-layout-2 wp-block-columns-is-layout-flex\">\n<div class=\"wp-block-column is-layout-flow wp-block-column-is-layout-flow\" style=\"flex-basis:66.66%\">\n<div class=\"wp-block-uagb-advanced-heading uagb-block-5d18f7b7\"><h5 class=\"uagb-heading-text\">Esquite<\/h5><p class=\"uagb-desc-text\">Elote en un vaso con mayonesa, queso cotija, mantequilla, chile en polvo o Hot cheetos<\/p><\/div>\n<\/div>\n\n\n\n<div class=\"wp-block-column is-layout-flow wp-block-column-is-layout-flow\" style=\"flex-basis:33.33%\">\n<div class=\"wp-block-uagb-advanced-heading uagb-block-c1b666ea\"><h2 class=\"uagb-heading-text\">Peque\u00f1o: $4.39<\/h2><p class=\"uagb-desc-text\">*Impuestos No Incluidos*<\/p><\/div>\n\n\n\n<div class=\"wp-block-uagb-advanced-heading uagb-block-0cb3cecd\"><h2 class=\"uagb-heading-text\">Grande: $6.65<\/h2><p class=\"uagb-desc-text\">*Impuestos No Incluidos*<\/p><\/div>\n<\/div>\n<\/div>\n<\/div>\n<\/div>\n<\/div><\/div>\n\n\n\n<div class=\"wp-block-uagb-container uagb-block-ac94dd46 alignfull uagb-is-root-container\"><div class=\"uagb-container-inner-blocks-wrap\">\n<div class=\"wp-block-uagb-container uagb-block-c1430908\">\n<div class=\"wp-block-uagb-image aligncenter uagb-block-919fad22 wp-block-uagb-image--layout-default wp-block-uagb-image--effect-static wp-block-uagb-image--align-center\"><figure class=\"wp-block-uagb-image__figure\"><img decoding=\"async\" srcset=\"https:\/\/dulcemichoacan.com\/wp-content\/uploads\/2024\/01\/locochips.jpg ,https:\/\/dulcemichoacan.com\/wp-content\/uploads\/2024\/01\/locochips.jpg 780w, https:\/\/dulcemichoacan.com\/wp-content\/uploads\/2024\/01\/locochips.jpg 360w\" sizes=\"(max-width: 480px) 150px\" src=\"https:\/\/dulcemichoacan.com\/wp-content\/uploads\/2024\/01\/locochips.jpg\" alt=\"\" class=\"uag-image-624\" width=\"500\" height=\"500\" title=\"\" loading=\"lazy\" role=\"img\"\/><\/figure><\/div>\n<\/div>\n\n\n\n<div class=\"wp-block-uagb-container uagb-block-94896f97\">\n<div class=\"wp-block-uagb-container uagb-block-6e2ac148\">\n<div class=\"wp-block-columns is-layout-flex wp-container-core-columns-is-layout-3 wp-block-columns-is-layout-flex\">\n<div class=\"wp-block-column is-layout-flow wp-block-column-is-layout-flow\" style=\"flex-basis:66.66%\">\n<div class=\"wp-block-uagb-advanced-heading uagb-block-216ace61\"><h5 class=\"uagb-heading-text\">Tostiesquite<\/h5><p class=\"uagb-desc-text\">Tostitos con Esquites, mayonesa, queso cotija, mantequilla, chile en polvo o Hot cheetos.<\/p><\/div>\n<\/div>\n\n\n\n<div class=\"wp-block-column is-layout-flow wp-block-column-is-layout-flow\" style=\"flex-basis:33.33%\">\n<div class=\"wp-block-uagb-advanced-heading uagb-block-676241e1\"><h2 class=\"uagb-heading-text\">$8.43<\/h2><p class=\"uagb-desc-text\">*Impuestos No Incluidos*<\/p><\/div>\n<\/div>\n<\/div>\n<\/div>\n<\/div>\n<\/div><\/div>\n\n\n\n<div class=\"wp-block-uagb-container uagb-block-f0f8f3e9 alignfull uagb-is-root-container\"><div class=\"uagb-container-inner-blocks-wrap\">\n<div class=\"wp-block-uagb-container uagb-block-03252065\">\n<div class=\"wp-block-uagb-image aligncenter uagb-block-0a0ac05c wp-block-uagb-image--layout-default wp-block-uagb-image--effect-static wp-block-uagb-image--align-center\"><figure class=\"wp-block-uagb-image__figure\"><img decoding=\"async\" srcset=\"https:\/\/dulcemichoacan.com\/wp-content\/uploads\/2024\/01\/locochips-1-1024x1024.jpg ,https:\/\/dulcemichoacan.com\/wp-content\/uploads\/2024\/01\/locochips-1.jpg 780w, https:\/\/dulcemichoacan.com\/wp-content\/uploads\/2024\/01\/locochips-1.jpg 360w\" sizes=\"(max-width: 480px) 150px\" src=\"https:\/\/dulcemichoacan.com\/wp-content\/uploads\/2024\/01\/locochips-1-1024x1024.jpg\" alt=\"\" class=\"uag-image-650\" width=\"500\" height=\"500\" title=\"\" loading=\"lazy\" role=\"img\"\/><\/figure><\/div>\n<\/div>\n\n\n\n<div class=\"wp-block-uagb-container uagb-block-7f1f681b\">\n<div class=\"wp-block-uagb-container uagb-block-783ee13d\">\n<div class=\"wp-block-columns is-layout-flex wp-container-core-columns-is-layout-4 wp-block-columns-is-layout-flex\">\n<div class=\"wp-block-column is-layout-flow wp-block-column-is-layout-flow\" style=\"flex-basis:66.66%\">\n<div class=\"wp-block-uagb-advanced-heading uagb-block-6f689f57\"><h5 class=\"uagb-heading-text\">Tosltilocos, takislocos, Chetoslocos<\/h5><p class=\"uagb-desc-text\">Pepino, Mango, J\u00edcama, cueritos, Chamoy, Salsa Valentina, Taj\u00edn, Lim\u00f3n, Cacahuates y dulce de tamarindo.<\/p><\/div>\n<\/div>\n\n\n\n<div class=\"wp-block-column is-layout-flow wp-block-column-is-layout-flow\" style=\"flex-basis:33.33%\">\n<div class=\"wp-block-uagb-advanced-heading uagb-block-8e5b9ec4\"><h2 class=\"uagb-heading-text\">$8.43<\/h2><p class=\"uagb-desc-text\">*Impuestos No Incluidos*<\/p><\/div>\n<\/div>\n<\/div>\n<\/div>\n<\/div>\n<\/div><\/div>\n\n\n\n<div class=\"wp-block-uagb-container uagb-block-26b90b7c alignfull uagb-is-root-container\"><div class=\"uagb-container-inner-blocks-wrap\">\n<div class=\"wp-block-uagb-container uagb-block-ba9ba360\">\n<div class=\"wp-block-uagb-image aligncenter uagb-block-49551345 wp-block-uagb-image--layout-default wp-block-uagb-image--effect-static wp-block-uagb-image--align-center\"><figure class=\"wp-block-uagb-image__figure\"><img decoding=\"async\" srcset=\"https:\/\/dulcemichoacan.com\/wp-content\/uploads\/2024\/01\/duroloco2.jpg ,https:\/\/dulcemichoacan.com\/wp-content\/uploads\/2024\/01\/duroloco2.jpg 780w, https:\/\/dulcemichoacan.com\/wp-content\/uploads\/2024\/01\/duroloco2.jpg 360w\" sizes=\"(max-width: 480px) 150px\" src=\"https:\/\/dulcemichoacan.com\/wp-content\/uploads\/2024\/01\/duroloco2.jpg\" alt=\"\" class=\"uag-image-625\" width=\"500\" height=\"500\" title=\"\" loading=\"lazy\" role=\"img\"\/><\/figure><\/div>\n<\/div>\n\n\n\n<div class=\"wp-block-uagb-container uagb-block-06e5a05c\">\n<div class=\"wp-block-uagb-container uagb-block-b6e279c3\">\n<div class=\"wp-block-columns is-layout-flex wp-container-core-columns-is-layout-5 wp-block-columns-is-layout-flex\">\n<div class=\"wp-block-column is-layout-flow wp-block-column-is-layout-flow\" style=\"flex-basis:66.66%\">\n<div class=\"wp-block-uagb-advanced-heading uagb-block-c480e4e9\"><h5 class=\"uagb-heading-text\">Duroloco<\/h5><p class=\"uagb-desc-text\">Repollo, Pepino, Rebanadas de Tomate, Cueritos, Aguacate, Salsa Valentina, Crema \u00c1gria y Queso Cotija<\/p><\/div>\n<\/div>\n\n\n\n<div class=\"wp-block-column is-layout-flow wp-block-column-is-layout-flow\" style=\"flex-basis:33.33%\">\n<div class=\"wp-block-uagb-advanced-heading uagb-block-ce6062f8\"><h2 class=\"uagb-heading-text\">$8.43<\/h2><p class=\"uagb-desc-text\">*Impuestos No Incluidos*<\/p><\/div>\n<\/div>\n<\/div>\n<\/div>\n<\/div>\n<\/div><\/div>\n\n\n\n<div class=\"wp-block-uagb-container uagb-block-5b659748 alignfull uagb-is-root-container\"><div class=\"uagb-container-inner-blocks-wrap\">\n<div class=\"wp-block-uagb-container uagb-block-8a788a3d\">\n<div class=\"wp-block-uagb-image aligncenter uagb-block-4351361a wp-block-uagb-image--layout-default wp-block-uagb-image--effect-static wp-block-uagb-image--align-center\"><figure class=\"wp-block-uagb-image__figure\"><img decoding=\"async\" srcset=\"https:\/\/dulcemichoacan.com\/wp-content\/uploads\/2024\/01\/cueritos2.jpg ,https:\/\/dulcemichoacan.com\/wp-content\/uploads\/2024\/01\/cueritos2.jpg 780w, https:\/\/dulcemichoacan.com\/wp-content\/uploads\/2024\/01\/cueritos2.jpg 360w\" sizes=\"(max-width: 480px) 150px\" src=\"https:\/\/dulcemichoacan.com\/wp-content\/uploads\/2024\/01\/cueritos2.jpg\" alt=\"\" class=\"uag-image-627\" width=\"500\" height=\"500\" title=\"\" loading=\"lazy\" role=\"img\"\/><\/figure><\/div>\n<\/div>\n\n\n\n<div class=\"wp-block-uagb-container uagb-block-ff6c1b82\">\n<div class=\"wp-block-uagb-container uagb-block-9e50ddb5\">\n<div class=\"wp-block-columns is-layout-flex wp-container-core-columns-is-layout-6 wp-block-columns-is-layout-flex\">\n<div class=\"wp-block-column is-layout-flow wp-block-column-is-layout-flow\" style=\"flex-basis:66.66%\">\n<div class=\"wp-block-uagb-advanced-heading uagb-block-07587948\"><h5 class=\"uagb-heading-text\">Cueritos con Pepino<\/h5><p class=\"uagb-desc-text\">Cueritos, Pepino, Chamoy, Salsa Valentina, Taj\u00edn, lim\u00f3n y cacahuates.<\/p><\/div>\n<\/div>\n\n\n\n<div class=\"wp-block-column is-layout-flow wp-block-column-is-layout-flow\" style=\"flex-basis:33.33%\">\n<div class=\"wp-block-uagb-advanced-heading uagb-block-ef2cb1e2\"><h2 class=\"uagb-heading-text\">$7.87<\/h2><p class=\"uagb-desc-text\">*Impuestos No Incluidos*<\/p><\/div>\n<\/div>\n<\/div>\n<\/div>\n<\/div>\n<\/div><\/div>\n\n\n\n<div class=\"wp-block-uagb-container uagb-block-a1feb833 alignfull uagb-is-root-container\"><div class=\"uagb-container-inner-blocks-wrap\">\n<div class=\"wp-block-uagb-container uagb-block-c537e25e\">\n<div class=\"wp-block-uagb-image aligncenter uagb-block-f3a61a93 wp-block-uagb-image--layout-default wp-block-uagb-image--effect-static wp-block-uagb-image--align-center\"><figure class=\"wp-block-uagb-image__figure\"><img decoding=\"async\" srcset=\"https:\/\/dulcemichoacan.com\/wp-content\/uploads\/2024\/01\/Nachos.jpg ,https:\/\/dulcemichoacan.com\/wp-content\/uploads\/2024\/01\/Nachos.jpg 780w, https:\/\/dulcemichoacan.com\/wp-content\/uploads\/2024\/01\/Nachos.jpg 360w\" sizes=\"(max-width: 480px) 150px\" src=\"https:\/\/dulcemichoacan.com\/wp-content\/uploads\/2024\/01\/Nachos.jpg\" alt=\"\" class=\"uag-image-628\" width=\"500\" height=\"500\" title=\"\" loading=\"lazy\" role=\"img\"\/><\/figure><\/div>\n<\/div>\n\n\n\n<div class=\"wp-block-uagb-container uagb-block-a013db08\">\n<div class=\"wp-block-uagb-container uagb-block-1d32c2a1\">\n<div class=\"wp-block-columns is-layout-flex wp-container-core-columns-is-layout-7 wp-block-columns-is-layout-flex\">\n<div class=\"wp-block-column is-layout-flow wp-block-column-is-layout-flow\" style=\"flex-basis:66.66%\">\n<div class=\"wp-block-uagb-advanced-heading uagb-block-0d43f73d\"><h5 class=\"uagb-heading-text\">Nachos y Hot Cheetos<\/h5><p class=\"uagb-desc-text\">queso derretido y Jalape\u00f1os<\/p><\/div>\n\n\n\n<div class=\"wp-block-uagb-advanced-heading uagb-block-1f23736c\"><h5 class=\"uagb-heading-text\">Agrega Cueritos <\/h5><p class=\"uagb-desc-text\">Agr\u00e9gale Cueritos<\/p><\/div>\n<\/div>\n\n\n\n<div class=\"wp-block-column is-layout-flow wp-block-column-is-layout-flow\" style=\"flex-basis:33.33%\">\n<div class=\"wp-block-uagb-advanced-heading uagb-block-149f8a9d\"><h2 class=\"uagb-heading-text\">$4.97<\/h2><p class=\"uagb-desc-text\">*Impuestos No Incluidos*<\/p><\/div>\n\n\n\n<div class=\"wp-block-uagb-advanced-heading uagb-block-9ae1bccb\"><h2 class=\"uagb-heading-text\">$1.00<\/h2><p class=\"uagb-desc-text\">*Impuestos No Incluidos*<\/p><\/div>\n<\/div>\n<\/div>\n<\/div>\n<\/div>\n<\/div><\/div>\n\n\n\n<div class=\"wp-block-uagb-container uagb-block-285d7768 alignfull uagb-is-root-container\"><div class=\"uagb-container-inner-blocks-wrap\">\n<div class=\"wp-block-uagb-container uagb-block-384cc390\">\n<div class=\"wp-block-uagb-image aligncenter uagb-block-1709a5db wp-block-uagb-image--layout-default wp-block-uagb-image--effect-static wp-block-uagb-image--align-center\"><figure class=\"wp-block-uagb-image__figure\"><img decoding=\"async\" srcset=\"https:\/\/dulcemichoacan.com\/wp-content\/uploads\/2024\/05\/Churros.jpg ,https:\/\/dulcemichoacan.com\/wp-content\/uploads\/2024\/05\/Churros.jpg 780w, https:\/\/dulcemichoacan.com\/wp-content\/uploads\/2024\/05\/Churros.jpg 360w\" sizes=\"(max-width: 480px) 150px\" src=\"https:\/\/dulcemichoacan.com\/wp-content\/uploads\/2024\/05\/Churros.jpg\" alt=\"\" class=\"uag-image-758\" width=\"500\" height=\"500\" title=\"Churros\" loading=\"lazy\" role=\"img\"\/><\/figure><\/div>\n<\/div>\n\n\n\n<div class=\"wp-block-uagb-container uagb-block-b7b56a1e\">\n<div class=\"wp-block-uagb-container uagb-block-caf268ca\">\n<div class=\"wp-block-columns is-layout-flex wp-container-core-columns-is-layout-8 wp-block-columns-is-layout-flex\">\n<div class=\"wp-block-column is-layout-flow wp-block-column-is-layout-flow\" style=\"flex-basis:66.66%\">\n<div class=\"wp-block-uagb-advanced-heading uagb-block-d607bfc3\"><h5 class=\"uagb-heading-text\">Churros<\/h5><p class=\"uagb-desc-text\">Con Fresa, Crema , Caramelo o solos.<\/p><\/div>\n<\/div>\n\n\n\n<div class=\"wp-block-column is-layout-flow wp-block-column-is-layout-flow\" style=\"flex-basis:33.33%\">\n<div class=\"wp-block-uagb-advanced-heading uagb-block-4a3ce5e3\"><h2 class=\"uagb-heading-text\">$2.34 \/pieza<\/h2><p class=\"uagb-desc-text\">*Impuestos No Incluidos*<\/p><\/div>\n<\/div>\n<\/div>\n<\/div>\n<\/div>\n<\/div><\/div>","protected":false},"excerpt":{"rendered":"<p>Looking for Delivery or pickup? Mexican Style Corn Tastier than you think Elote Corn on the cob with Mayo, Cotija Chesse, Butter, Chili Powder or Hot Cheetos $4.39 * Taxes not included* Esquite Corn in the cup with Mayo, Cotija Chesse, Butter, Chili Powder or Hot Cheetos small $4.39 * Taxes not included* Large $6.65 [&hellip;]<\/p>","protected":false},"author":1,"featured_media":0,"parent":58,"menu_order":0,"comment_status":"closed","ping_status":"closed","template":"","meta":{"_uag_custom_page_level_css":"","site-sidebar-layout":"default","site-content-layout":"","ast-site-content-layout":"","site-content-style":"default","site-sidebar-style":"default","ast-global-header-display":"","ast-banner-title-visibility":"","ast-main-header-display":"","ast-hfb-above-header-display":"","ast-hfb-below-header-display":"","ast-hfb-mobile-header-display":"","site-post-title":"","ast-breadcrumbs-content":"","ast-featured-img":"","footer-sml-layout":"","theme-transparent-header-meta":"","adv-header-id-meta":"","stick-header-meta":"","header-above-stick-meta":"","header-main-stick-meta":"","header-below-stick-meta":"","astra-migrate-meta-layouts":"default","ast-page-background-enabled":"default","ast-page-background-meta":{"desktop":{"background-color":"var(--ast-global-color-4)","background-image":"","background-repeat":"repeat","background-position":"center center","background-size":"auto","background-attachment":"scroll","background-type":"","background-media":"","overlay-type":"","overlay-color":"","overlay-opacity":"","overlay-gradient":""},"tablet":{"background-color":"","background-image":"","background-repeat":"repeat","background-position":"center center","background-size":"auto","background-attachment":"scroll","background-type":"","background-media":"","overlay-type":"","overlay-color":"","overlay-opacity":"","overlay-gradient":""},"mobile":{"background-color":"","background-image":"","background-repeat":"repeat","background-position":"center center","background-size":"auto","background-attachment":"scroll","background-type":"","background-media":"","overlay-type":"","overlay-color":"","overlay-opacity":"","overlay-gradient":""}},"ast-content-background-meta":{"desktop":{"background-color":"var(--ast-global-color-5)","background-image":"","background-repeat":"repeat","background-position":"center center","background-size":"auto","background-attachment":"scroll","background-type":"","background-media":"","overlay-type":"","overlay-color":"","overlay-opacity":"","overlay-gradient":""},"tablet":{"background-color":"var(--ast-global-color-5)","background-image":"","background-repeat":"repeat","background-position":"center center","background-size":"auto","background-attachment":"scroll","background-type":"","background-media":"","overlay-type":"","overlay-color":"","overlay-opacity":"","overlay-gradient":""},"mobile":{"background-color":"var(--ast-global-color-5)","background-image":"","background-repeat":"repeat","background-position":"center center","background-size":"auto","background-attachment":"scroll","background-type":"","background-media":"","overlay-type":"","overlay-color":"","overlay-opacity":"","overlay-gradient":""}},"_themeisle_gutenberg_block_has_review":false,"footnotes":""},"uagb_featured_image_src":{"full":false,"thumbnail":false,"medium":false,"medium_large":false,"large":false,"1536x1536":false,"2048x2048":false,"trp-custom-language-flag":false},"uagb_author_info":{"display_name":"ddraig","author_link":"https:\/\/dulcemichoacan.com\/es\/author\/ddraig\/"},"uagb_comment_info":0,"uagb_excerpt":"Looking for Delivery or pickup? Mexican Style Corn Tastier than you think Elote Corn on the cob with Mayo, Cotija Chesse, Butter, Chili Powder or Hot Cheetos $4.39 * Taxes not included* Esquite Corn in the cup with Mayo, Cotija Chesse, Butter, Chili Powder or Hot Cheetos small $4.39 * Taxes not included* Large $6.65&hellip;","_links":{"self":[{"href":"https:\/\/dulcemichoacan.com\/es\/wp-json\/wp\/v2\/pages\/160"}],"collection":[{"href":"https:\/\/dulcemichoacan.com\/es\/wp-json\/wp\/v2\/pages"}],"about":[{"href":"https:\/\/dulcemichoacan.com\/es\/wp-json\/wp\/v2\/types\/page"}],"author":[{"embeddable":true,"href":"https:\/\/dulcemichoacan.com\/es\/wp-json\/wp\/v2\/users\/1"}],"replies":[{"embeddable":true,"href":"https:\/\/dulcemichoacan.com\/es\/wp-json\/wp\/v2\/comments?post=160"}],"version-history":[{"count":7,"href":"https:\/\/dulcemichoacan.com\/es\/wp-json\/wp\/v2\/pages\/160\/revisions"}],"predecessor-version":[{"id":903,"href":"https:\/\/dulcemichoacan.com\/es\/wp-json\/wp\/v2\/pages\/160\/revisions\/903"}],"up":[{"embeddable":true,"href":"https:\/\/dulcemichoacan.com\/es\/wp-json\/wp\/v2\/pages\/58"}],"wp:attachment":[{"href":"https:\/\/dulcemichoacan.com\/es\/wp-json\/wp\/v2\/media?parent=160"}],"curies":[{"name":"wp","href":"https:\/\/api.w.org\/{rel}","templated":true}]}}