{"id":166,"date":"2024-01-10T12:02:55","date_gmt":"2024-01-10T20:02:55","guid":{"rendered":"https:\/\/dulcemichoacan.com\/?page_id=166"},"modified":"2024-06-30T19:15:46","modified_gmt":"2024-07-01T02:15:46","slug":"fruit-salads","status":"publish","type":"page","link":"https:\/\/dulcemichoacan.com\/es\/menu\/fruit-salads\/","title":{"rendered":"Ensaladas de Fruta"},"content":{"rendered":"<div class=\"wp-block-uagb-container uagb-block-b5371774 alignfull uagb-is-root-container\"><div class=\"uagb-container-inner-blocks-wrap\">\n<div class=\"wp-block-uagb-container uagb-block-ac2c77e0\">\n<div class=\"wp-block-uagb-advanced-heading uagb-block-ea393d40 animated bounceIn\"><h2 class=\"uagb-heading-text\">Buscando delivery o pickup?<\/h2><\/div>\n<\/div>\n\n\n\n<div class=\"wp-block-uagb-container uagb-block-9d27d501\">\n<div class=\"wp-block-uagb-buttons uagb-buttons__outer-wrap uagb-btn__default-btn uagb-btn-tablet__default-btn uagb-btn-mobile__default-btn uagb-block-cd5b7aa1\"><div class=\"uagb-buttons__wrap uagb-buttons-layout-wrap\">\n<div class=\"wp-block-uagb-buttons-child uagb-buttons__outer-wrap uagb-block-537dc7be wp-block-button animated bounceIn\"><div class=\"uagb-button__wrapper\"><a class=\"uagb-buttons-repeater wp-block-button__link\" aria-label=\"\" href=\"https:\/\/www.clover.com\/online-ordering\/dulce-michoacan-ice-cream-las-vegas\/\" rel=\"follow noopener\" target=\"_self\" role=\"button\"><div class=\"uagb-button__link\"> \u00a1Pide Aqu\u00ed!<\/div><\/a><\/div><\/div>\n<\/div><\/div>\n<\/div>\n<\/div><\/div>\n\n\n\n<div class=\"wp-block-uagb-container uagb-block-348c5366 alignfull uagb-is-root-container\"><div class=\"uagb-container-inner-blocks-wrap\">\n<div class=\"wp-block-uagb-container uagb-block-f49935eb\">\n<div class=\"wp-block-uagb-image aligncenter uagb-block-29423054 wp-block-uagb-image--layout-default wp-block-uagb-image--effect-static wp-block-uagb-image--align-center\"><figure class=\"wp-block-uagb-image__figure\"><img decoding=\"async\" srcset=\"https:\/\/dulcemichoacan.com\/wp-content\/uploads\/2024\/01\/bionico.jpg ,https:\/\/dulcemichoacan.com\/wp-content\/uploads\/2024\/01\/bionico.jpg 780w, https:\/\/dulcemichoacan.com\/wp-content\/uploads\/2024\/01\/bionico.jpg 360w\" sizes=\"(max-width: 480px) 150px\" src=\"https:\/\/dulcemichoacan.com\/wp-content\/uploads\/2024\/01\/bionico.jpg\" alt=\"\" class=\"uag-image-517\" width=\"500\" height=\"750\" title=\"\" loading=\"lazy\" role=\"img\"\/><\/figure><\/div>\n<\/div>\n\n\n\n<div class=\"wp-block-uagb-container uagb-block-93dcaf82\">\n<div class=\"wp-block-columns is-layout-flex wp-container-core-columns-is-layout-1 wp-block-columns-is-layout-flex\" style=\"border-width:2px;border-radius:20px;padding-top:var(--wp--preset--spacing--40);padding-right:var(--wp--preset--spacing--50);padding-bottom:var(--wp--preset--spacing--40);padding-left:var(--wp--preset--spacing--50)\">\n<div class=\"wp-block-column is-layout-flow wp-block-column-is-layout-flow\" style=\"flex-basis:66.66%\">\n<div class=\"wp-block-uagb-advanced-heading uagb-block-678609f5\"><h2 class=\"uagb-heading-text\">Bi\u00f3nico<\/h2><p class=\"uagb-desc-text\">Mel\u00f3n, Papaya, Fresas, Pl\u00e1tano, Manzana, Crema Dulce, Granola, Ralladura de Coco y Leche Condensada.<\/p><\/div>\n<\/div>\n\n\n\n<div class=\"wp-block-column is-layout-flow wp-block-column-is-layout-flow\" style=\"flex-basis:33.33%\">\n<div class=\"wp-block-uagb-advanced-heading uagb-block-65610b56\"><h4 class=\"uagb-heading-text\">Regular: $8:43<\/h4><p class=\"uagb-desc-text\">*Impuestos No Incluidos*<\/p><\/div>\n\n\n\n<div class=\"wp-block-uagb-advanced-heading uagb-block-42c02e07\"><h4 class=\"uagb-heading-text\">Grande: $10.39<\/h4><p class=\"uagb-desc-text\">*Impuestos No Incluidos*<\/p><\/div>\n<\/div>\n<\/div>\n<\/div>\n<\/div><\/div>\n\n\n\n<div class=\"wp-block-uagb-container uagb-block-230ede6e alignfull uagb-is-root-container\"><div class=\"uagb-container-inner-blocks-wrap\">\n<div class=\"wp-block-uagb-container uagb-block-6c25e0d3\">\n<div class=\"wp-block-uagb-image aligncenter uagb-block-ea4f83d9 wp-block-uagb-image--layout-default wp-block-uagb-image--effect-static wp-block-uagb-image--align-center\"><figure class=\"wp-block-uagb-image__figure\"><img decoding=\"async\" srcset=\"https:\/\/dulcemichoacan.com\/wp-content\/uploads\/2024\/01\/IMG_7254.jpg ,https:\/\/dulcemichoacan.com\/wp-content\/uploads\/2024\/01\/IMG_7254.jpg 780w, https:\/\/dulcemichoacan.com\/wp-content\/uploads\/2024\/01\/IMG_7254.jpg 360w\" sizes=\"(max-width: 480px) 150px\" src=\"https:\/\/dulcemichoacan.com\/wp-content\/uploads\/2024\/01\/IMG_7254.jpg\" alt=\"\" class=\"uag-image-550\" width=\"500\" height=\"500\" title=\"\" loading=\"lazy\" role=\"img\"\/><\/figure><\/div>\n<\/div>\n\n\n\n<div class=\"wp-block-uagb-container uagb-block-fd66429e\">\n<div class=\"wp-block-columns is-layout-flex wp-container-core-columns-is-layout-2 wp-block-columns-is-layout-flex\" style=\"border-width:2px;border-radius:20px;padding-top:var(--wp--preset--spacing--40);padding-right:var(--wp--preset--spacing--50);padding-bottom:var(--wp--preset--spacing--40);padding-left:var(--wp--preset--spacing--50)\">\n<div class=\"wp-block-column is-layout-flow wp-block-column-is-layout-flow\" style=\"flex-basis:66.66%\">\n<div class=\"wp-block-uagb-advanced-heading uagb-block-8a6a875f\"><h2 class=\"uagb-heading-text\">Pico de Gallo<\/h2><p class=\"uagb-desc-text\">Pepino, Mango, J\u00edcama, Sand\u00eda, Pi\u00f1a, Lim\u00f3n, Taj\u00edn y Chamoy.<\/p><\/div>\n<\/div>\n\n\n\n<div class=\"wp-block-column is-layout-flow wp-block-column-is-layout-flow\" style=\"flex-basis:33.33%\">\n<div class=\"wp-block-uagb-advanced-heading uagb-block-a087554b\"><h4 class=\"uagb-heading-text\">Regular: $7.39<\/h4><p class=\"uagb-desc-text\">*Impuestos No Incluidos*<\/p><\/div>\n\n\n\n<div class=\"wp-block-uagb-advanced-heading uagb-block-515c30b9\"><h4 class=\"uagb-heading-text\">Grande: $9.35<\/h4><p class=\"uagb-desc-text\">*Impuestos No Incluidos*<\/p><\/div>\n<\/div>\n<\/div>\n<\/div>\n<\/div><\/div>","protected":false},"excerpt":{"rendered":"<p>Looking for Delivery or pickup? Bionico Cantaloupe, Papaya, Strawberries, Banana, Apple, Special Cream, Granola, Shredded Coconut and Condensed Milk Regular : $8.43 * Taxes not included * Large: $10.39 * Taxes not included * Pico de Gallo Cucumber, Mango, J\u00edcama, Watermelon, Pineapple, Lime, Tajin and Chamoy Sauce Regular : $7.39 * Taxes not included * [&hellip;]<\/p>","protected":false},"author":1,"featured_media":0,"parent":58,"menu_order":0,"comment_status":"closed","ping_status":"closed","template":"","meta":{"_uag_custom_page_level_css":"","site-sidebar-layout":"default","site-content-layout":"","ast-site-content-layout":"","site-content-style":"default","site-sidebar-style":"default","ast-global-header-display":"","ast-banner-title-visibility":"","ast-main-header-display":"","ast-hfb-above-header-display":"","ast-hfb-below-header-display":"","ast-hfb-mobile-header-display":"","site-post-title":"","ast-breadcrumbs-content":"","ast-featured-img":"","footer-sml-layout":"","theme-transparent-header-meta":"","adv-header-id-meta":"","stick-header-meta":"","header-above-stick-meta":"","header-main-stick-meta":"","header-below-stick-meta":"","astra-migrate-meta-layouts":"default","ast-page-background-enabled":"default","ast-page-background-meta":{"desktop":{"background-color":"var(--ast-global-color-4)","background-image":"","background-repeat":"repeat","background-position":"center center","background-size":"auto","background-attachment":"scroll","background-type":"","background-media":"","overlay-type":"","overlay-color":"","overlay-opacity":"","overlay-gradient":""},"tablet":{"background-color":"","background-image":"","background-repeat":"repeat","background-position":"center center","background-size":"auto","background-attachment":"scroll","background-type":"","background-media":"","overlay-type":"","overlay-color":"","overlay-opacity":"","overlay-gradient":""},"mobile":{"background-color":"","background-image":"","background-repeat":"repeat","background-position":"center center","background-size":"auto","background-attachment":"scroll","background-type":"","background-media":"","overlay-type":"","overlay-color":"","overlay-opacity":"","overlay-gradient":""}},"ast-content-background-meta":{"desktop":{"background-color":"var(--ast-global-color-5)","background-image":"","background-repeat":"repeat","background-position":"center center","background-size":"auto","background-attachment":"scroll","background-type":"","background-media":"","overlay-type":"","overlay-color":"","overlay-opacity":"","overlay-gradient":""},"tablet":{"background-color":"var(--ast-global-color-5)","background-image":"","background-repeat":"repeat","background-position":"center center","background-size":"auto","background-attachment":"scroll","background-type":"","background-media":"","overlay-type":"","overlay-color":"","overlay-opacity":"","overlay-gradient":""},"mobile":{"background-color":"var(--ast-global-color-5)","background-image":"","background-repeat":"repeat","background-position":"center center","background-size":"auto","background-attachment":"scroll","background-type":"","background-media":"","overlay-type":"","overlay-color":"","overlay-opacity":"","overlay-gradient":""}},"_themeisle_gutenberg_block_has_review":false,"footnotes":""},"uagb_featured_image_src":{"full":false,"thumbnail":false,"medium":false,"medium_large":false,"large":false,"1536x1536":false,"2048x2048":false,"trp-custom-language-flag":false},"uagb_author_info":{"display_name":"ddraig","author_link":"https:\/\/dulcemichoacan.com\/es\/author\/ddraig\/"},"uagb_comment_info":0,"uagb_excerpt":"Looking for Delivery or pickup? Bionico Cantaloupe, Papaya, Strawberries, Banana, Apple, Special Cream, Granola, Shredded Coconut and Condensed Milk Regular : $8.43 * Taxes not included * Large: $10.39 * Taxes not included * Pico de Gallo Cucumber, Mango, J\u00edcama, Watermelon, Pineapple, Lime, Tajin and Chamoy Sauce Regular : $7.39 * Taxes not included *&hellip;","_links":{"self":[{"href":"https:\/\/dulcemichoacan.com\/es\/wp-json\/wp\/v2\/pages\/166"}],"collection":[{"href":"https:\/\/dulcemichoacan.com\/es\/wp-json\/wp\/v2\/pages"}],"about":[{"href":"https:\/\/dulcemichoacan.com\/es\/wp-json\/wp\/v2\/types\/page"}],"author":[{"embeddable":true,"href":"https:\/\/dulcemichoacan.com\/es\/wp-json\/wp\/v2\/users\/1"}],"replies":[{"embeddable":true,"href":"https:\/\/dulcemichoacan.com\/es\/wp-json\/wp\/v2\/comments?post=166"}],"version-history":[{"count":4,"href":"https:\/\/dulcemichoacan.com\/es\/wp-json\/wp\/v2\/pages\/166\/revisions"}],"predecessor-version":[{"id":906,"href":"https:\/\/dulcemichoacan.com\/es\/wp-json\/wp\/v2\/pages\/166\/revisions\/906"}],"up":[{"embeddable":true,"href":"https:\/\/dulcemichoacan.com\/es\/wp-json\/wp\/v2\/pages\/58"}],"wp:attachment":[{"href":"https:\/\/dulcemichoacan.com\/es\/wp-json\/wp\/v2\/media?parent=166"}],"curies":[{"name":"wp","href":"https:\/\/api.w.org\/{rel}","templated":true}]}}