{"id":28,"date":"2023-12-22T18:33:06","date_gmt":"2023-12-22T17:33:06","guid":{"rendered":"https:\/\/dulcemichoacan.com\/?page_id=28"},"modified":"2024-06-30T18:58:18","modified_gmt":"2024-07-01T01:58:18","slug":"inicio","status":"publish","type":"page","link":"https:\/\/dulcemichoacan.com\/es\/","title":{"rendered":"Inicio"},"content":{"rendered":"<div class=\"wp-block-uagb-container uagb-block-2bedf19b alignfull uagb-is-root-container\"><div class=\"uagb-container__video-wrap\"><video autoplay loop muted playsinline><source src=\"https:\/\/dulcemichoacan.com\/wp-content\/uploads\/2024\/01\/esquimales-final.mp4\" type=\"video\/mp4\"\/><\/video><\/div><div class=\"uagb-container-inner-blocks-wrap\">\n<div class=\"wp-block-uagb-image aligncenter uagb-block-c78ac6cd wp-block-uagb-image--layout-default wp-block-uagb-image--effect-zoomin wp-block-uagb-image--align-center animated zoomIn delay-100ms fast\"><figure class=\"wp-block-uagb-image__figure\"><img decoding=\"async\" srcset=\"https:\/\/dulcemichoacan.com\/wp-content\/uploads\/2023\/12\/Logos_Dulce_Michoacan_page-0004-removebg-1024x867.png ,https:\/\/dulcemichoacan.com\/wp-content\/uploads\/2023\/12\/Logos_Dulce_Michoacan_page-0004-removebg.png 780w, https:\/\/dulcemichoacan.com\/wp-content\/uploads\/2023\/12\/Logos_Dulce_Michoacan_page-0004-removebg-1024x867.png 360w\" sizes=\"(max-width: 480px) 150px\" src=\"https:\/\/dulcemichoacan.com\/wp-content\/uploads\/2023\/12\/Logos_Dulce_Michoacan_page-0004-removebg-1024x867.png\" alt=\"\" class=\"uag-image-9\" width=\"500\" height=\"867\" title=\"\" loading=\"lazy\" role=\"img\"\/><\/figure><\/div>\n<\/div><\/div>\n\n\n\n<div class=\"wp-block-uagb-container uagb-block-f03dadf1 alignfull uagb-is-root-container\"><div class=\"uagb-container-inner-blocks-wrap\">\n<div class=\"wp-block-uagb-container uagb-block-ccc5125d\">\n<div class=\"wp-block-uagb-advanced-heading uagb-block-6a565d29 animated bounceIn\"><h2 class=\"uagb-heading-text\">Buscando delivery o pickup?<\/h2><\/div>\n<\/div>\n\n\n\n<div class=\"wp-block-uagb-container uagb-block-a27e7c16\">\n<div class=\"wp-block-uagb-buttons uagb-buttons__outer-wrap uagb-btn__default-btn uagb-btn-tablet__default-btn uagb-btn-mobile__default-btn uagb-block-0667fc14\"><div class=\"uagb-buttons__wrap uagb-buttons-layout-wrap\">\n<div class=\"wp-block-uagb-buttons-child uagb-buttons__outer-wrap uagb-block-a8d4901f wp-block-button animated bounceIn\"><div class=\"uagb-button__wrapper\"><a class=\"uagb-buttons-repeater wp-block-button__link\" aria-label=\"\" href=\"https:\/\/www.clover.com\/online-ordering\/dulce-michoacan-ice-cream-las-vegas\/\" rel=\"follow noopener\" target=\"_self\" role=\"button\"><div class=\"uagb-button__link\"> \u00a1Pide Aqu\u00ed!<\/div><\/a><\/div><\/div>\n<\/div><\/div>\n<\/div>\n<\/div><\/div>\n\n\n\n<div class=\"wp-block-uagb-container uagb-block-a9b7e13a alignfull uagb-is-root-container\"><div class=\"uagb-container-inner-blocks-wrap\">\n<div class=\"wp-block-uagb-container uagb-block-341fc7c9\">\n<div class=\"wp-block-uagb-image aligncenter uagb-block-097ff3ca wp-block-uagb-image--layout-overlay wp-block-uagb-image--effect-zoomin wp-block-uagb-image--align-center animated fadeIn\"><figure class=\"wp-block-uagb-image__figure\"><a class=\"\" href=\"https:\/\/dulcemichoacan.com\/es\/about-us\/\" target=\"\" rel=\"noopener\"><img decoding=\"async\" srcset=\"https:\/\/dulcemichoacan.com\/wp-content\/uploads\/2024\/01\/IMG_6706-convert.io_-scaled.jpg ,https:\/\/dulcemichoacan.com\/wp-content\/uploads\/2024\/01\/IMG_6706-convert.io_-scaled.jpg 780w, https:\/\/dulcemichoacan.com\/wp-content\/uploads\/2024\/01\/IMG_6706-convert.io_-scaled.jpg 360w\" sizes=\"(max-width: 480px) 150px\" src=\"https:\/\/dulcemichoacan.com\/wp-content\/uploads\/2024\/01\/IMG_6706-convert.io_-scaled.jpg\" alt=\"\" class=\"uag-image-295\" width=\"2560\" height=\"1920\" title=\"\" loading=\"lazy\" role=\"img\"\/><\/a><div class=\"wp-block-uagb-image--layout-overlay__color-wrapper\"><\/div><div class=\"wp-block-uagb-image--layout-overlay__inner center-center\"><a class=\"wp-block-uagb-image--layout-overlay-link\" href=\"https:\/\/dulcemichoacan.com\/es\/about-us\/\" target=\"\" rel=\"noopener\"><\/a><h2 class=\"uagb-image-heading\">Historia<\/h2><div class=\"uagb-image-separator\"><\/div><figcaption class=\"uagb-image-caption\">Conoce m\u00e1s acerca de Nosotros<\/figcaption><\/div><\/figure><\/div>\n<\/div>\n\n\n\n<div class=\"wp-block-uagb-container uagb-block-4ca94559\">\n<div class=\"wp-block-uagb-image aligncenter uagb-block-9613c050 wp-block-uagb-image--layout-overlay wp-block-uagb-image--effect-zoomin wp-block-uagb-image--align-center animated fadeIn\"><figure class=\"wp-block-uagb-image__figure\"><a class=\"\" href=\"https:\/\/dulcemichoacan.com\/es\/our-product\/\" target=\"\" rel=\"noopener\"><img decoding=\"async\" srcset=\"https:\/\/dulcemichoacan.com\/wp-content\/uploads\/2024\/01\/IMG_6638-convert.io_-scaled.jpg ,https:\/\/dulcemichoacan.com\/wp-content\/uploads\/2024\/01\/IMG_6638-convert.io_-scaled.jpg 780w, https:\/\/dulcemichoacan.com\/wp-content\/uploads\/2024\/01\/IMG_6638-convert.io_-scaled.jpg 360w\" sizes=\"(max-width: 480px) 150px\" src=\"https:\/\/dulcemichoacan.com\/wp-content\/uploads\/2024\/01\/IMG_6638-convert.io_-scaled.jpg\" alt=\"\" class=\"uag-image-319\" width=\"2560\" height=\"1920\" title=\"\" loading=\"lazy\" role=\"img\"\/><\/a><div class=\"wp-block-uagb-image--layout-overlay__color-wrapper\"><\/div><div class=\"wp-block-uagb-image--layout-overlay__inner center-center\"><a class=\"wp-block-uagb-image--layout-overlay-link\" href=\"https:\/\/dulcemichoacan.com\/es\/our-product\/\" target=\"\" rel=\"noopener\"><\/a><h2 class=\"uagb-image-heading\">Productos<\/h2><div class=\"uagb-image-separator\"><\/div><figcaption class=\"uagb-image-caption\">Donde la magia sucede<\/figcaption><\/div><\/figure><\/div>\n<\/div>\n\n\n\n<div class=\"wp-block-uagb-container uagb-block-aecccdd9\">\n<div class=\"wp-block-uagb-image aligncenter uagb-block-39410a7b wp-block-uagb-image--layout-overlay wp-block-uagb-image--effect-zoomin wp-block-uagb-image--align-center animated fadeIn\"><figure class=\"wp-block-uagb-image__figure\"><img decoding=\"async\" srcset=\"https:\/\/dulcemichoacan.com\/wp-content\/uploads\/2024\/01\/IMG_6678-convert.io_-1024x768.jpg ,https:\/\/dulcemichoacan.com\/wp-content\/uploads\/2024\/01\/IMG_6678-convert.io_-scaled.jpg 780w, https:\/\/dulcemichoacan.com\/wp-content\/uploads\/2024\/01\/IMG_6678-convert.io_-scaled.jpg 360w\" sizes=\"(max-width: 480px) 150px\" src=\"https:\/\/dulcemichoacan.com\/wp-content\/uploads\/2024\/01\/IMG_6678-convert.io_-1024x768.jpg\" alt=\"\" class=\"uag-image-318\" width=\"750\" height=\"752\" title=\"\" loading=\"lazy\" role=\"img\"\/><div class=\"wp-block-uagb-image--layout-overlay__color-wrapper\"><\/div><div class=\"wp-block-uagb-image--layout-overlay__inner center-center\"><h2 class=\"uagb-image-heading\">Contacto<\/h2><div class=\"uagb-image-separator\"><\/div><figcaption class=\"uagb-image-caption\">Env\u00edanos un mensaje<\/figcaption><\/div><\/figure><\/div>\n<\/div>\n<\/div><\/div>\n\n\n\n<div class=\"wp-block-uagb-container uagb-block-e3e012ef alignfull uagb-is-root-container\"><div class=\"uagb-container-inner-blocks-wrap\">\n<div class=\"wp-block-uagb-container uagb-block-c24286a0\">\n<div class=\"wp-block-uagb-image aligncenter uagb-block-fefc8c87 wp-block-uagb-image--layout-default wp-block-uagb-image--effect-static wp-block-uagb-image--align-center animated backInLeft\"><figure class=\"wp-block-uagb-image__figure\"><img decoding=\"async\" srcset=\"https:\/\/dulcemichoacan.com\/wp-content\/uploads\/2024\/01\/IMG_6884-971x1024.png ,https:\/\/dulcemichoacan.com\/wp-content\/uploads\/2024\/01\/IMG_6884.png 780w, https:\/\/dulcemichoacan.com\/wp-content\/uploads\/2024\/01\/IMG_6884.png 360w\" sizes=\"(max-width: 480px) 150px\" src=\"https:\/\/dulcemichoacan.com\/wp-content\/uploads\/2024\/01\/IMG_6884-971x1024.png\" alt=\"\" class=\"uag-image-482\" width=\"971\" height=\"1024\" title=\"\" loading=\"lazy\" role=\"img\"\/><\/figure><\/div>\n<\/div>\n\n\n\n<div class=\"wp-block-uagb-container animated fadeInRight uagb-block-a120c8a9\">\n<div class=\"wp-block-uagb-info-box uagb-block-9e1a48b8 uagb-infobox__content-wrap  uagb-infobox-icon-above-title uagb-infobox-image-valign-top\"><div class=\"uagb-ifb-content\"><div class=\"uagb-ifb-title-wrap\"><h3 class=\"uagb-ifb-title\">Somos Familia<\/h3><\/div><p class=\"uagb-ifb-desc\">Nuestra helader\u00eda es m\u00e1s que un negocio; es una celebraci\u00f3n de la familia, la tradici\u00f3n y la alegr\u00eda de compartir. Hemos estado perfeccionando nuestras recetas para traerte los postres m\u00e1s aut\u00e9nticos y sabrosos.<\/p><\/div><\/div>\n<\/div>\n<\/div><\/div>\n\n\n\n<div class=\"wp-block-uagb-container uagb-block-bb77fc3f alignfull uagb-is-root-container\"><div class=\"uagb-container-inner-blocks-wrap\">\n<div class=\"wp-block-uagb-image aligncenter uagb-block-167da9ea wp-block-uagb-image--layout-default wp-block-uagb-image--effect-static wp-block-uagb-image--align-center\"><figure class=\"wp-block-uagb-image__figure\"><img decoding=\"async\" srcset=\"https:\/\/dulcemichoacan.com\/wp-content\/uploads\/2023\/12\/dulcegif.gif ,https:\/\/dulcemichoacan.com\/wp-content\/uploads\/2023\/12\/dulcegif.gif 780w, https:\/\/dulcemichoacan.com\/wp-content\/uploads\/2023\/12\/dulcegif.gif 360w\" sizes=\"(max-width: 480px) 150px\" src=\"https:\/\/dulcemichoacan.com\/wp-content\/uploads\/2023\/12\/dulcegif.gif\" alt=\"\" class=\"uag-image-10\" width=\"300\" height=\"300\" title=\"\" loading=\"lazy\" role=\"img\"\/><\/figure><\/div>\n\n\n\n<div class=\"wp-block-uagb-advanced-heading uagb-block-7a77eb30 animated fadeInDown\"><h2 class=\"uagb-heading-text\">Nuestra firma es el aut\u00e9ntico sabor mexicano<\/h2><\/div>\n\n\n\n<div class=\"wp-block-uagb-advanced-heading uagb-block-a8a91ba9 animated fadeInDown\"><h5 class=\"uagb-heading-text\">Orgullosos de nuestro origen Mexicano<\/h5><\/div>\n<\/div><\/div>\n\n\n\n<div class=\"wp-block-uagb-container uagb-block-a52e8ca6 alignfull uagb-is-root-container\"><div class=\"uagb-container-inner-blocks-wrap\">\n<div class=\"wp-block-uagb-container uagb-block-96c3daa7\">\n<div class=\"wp-block-uagb-image aligncenter uagb-block-aa35f6ff wp-block-uagb-image--layout-default wp-block-uagb-image--effect-static wp-block-uagb-image--align-center\"><figure class=\"wp-block-uagb-image__figure\"><img decoding=\"async\" sizes=\"(max-width: 480px) 150px\" src=\"https:\/\/dulcemichoacan.com\/wp-content\/uploads\/2024\/01\/antojo.gif\" alt=\"\" class=\"uag-image-75\" width=\"700\" height=\"600\" title=\"\" loading=\"lazy\" role=\"img\"\/><\/figure><\/div>\n<\/div>\n\n\n\n<div class=\"wp-block-uagb-container uagb-block-3018c5f0\">\n<div class=\"wp-block-uagb-info-box uagb-block-1cdebfd8 uagb-infobox__content-wrap  uagb-infobox-icon-left-title uagb-infobox-left uagb-infobox-image-valign-top animated fadeInLeft\"><div class=\"uagb-ifb-content\"><div class=\"uagb-ifb-left-title-image\"><div class=\"uagb-ifb-icon-wrap\"><svg xmlns=\"https:\/\/www.w3.org\/2000\/svg\" viewbox=\"0 0 448 512\"><path d=\"M96.06 288.3H351.9L252.6 493.8C250.1 499.2 246 503.8 240.1 507.1C235.9 510.3 230 512 224 512C217.1 512 212.1 510.3 207 507.1C201.1 503.8 197.9 499.2 195.4 493.8L96.06 288.3zM386.3 164C392.1 166.4 397.4 169.9 401.9 174.4C406.3 178.8 409.9 184.1 412.3 189.9C414.7 195.7 415.1 201.1 416 208.3C416 214.5 414.8 220.8 412.4 226.6C409.1 232.4 406.5 237.7 402 242.2C397.6 246.6 392.3 250.2 386.5 252.6C380.7 255 374.4 256.3 368.1 256.3H79.88C67.16 256.3 54.96 251.2 45.98 242.2C37 233.2 31.97 220.1 32 208.3C32.03 195.5 37.1 183.4 46.12 174.4C55.14 165.4 67.35 160.4 80.07 160.4H81.06C80.4 154.9 80.06 149.4 80.04 143.8C80.04 105.7 95.2 69.11 122.2 42.13C149.2 15.15 185.8 0 223.1 0C262.1 0 298.7 15.15 325.7 42.13C352.7 69.11 367.9 105.7 367.9 143.8C367.9 149.4 367.6 154.9 366.9 160.4H367.9C374.2 160.4 380.5 161.6 386.3 164z\"><\/path><\/svg><\/div><div class=\"uagb-ifb-title-wrap\"><h3 class=\"uagb-ifb-title\"><strong>Come, Bebe y Disfruta<\/strong><\/h3><\/div><\/div><div class=\"uagb-ifb-separator\"><\/div><p class=\"uagb-ifb-desc\">Convi\u00e9rtete en parte de nuestra creciente familia de amantes del helado. Te invitamos a explorar nuestro Men\u00fa, aprender m\u00e1s acerca de nuestra historia y encontrar tu sabor ideal.\nEn dulce Michoac\u00e1n cada cliente es parte de nuestra familia y no podemos esperar para compartir la alegr\u00eda de nuestras delicias contigo<\/p><\/div><\/div>\n\n\n\n<div class=\"wp-block-uagb-marketing-button uagb-marketing-btn__align-full uagb-marketing-btn__align-text-center uagb-marketing-btn__icon-after uagb-block-36f6d9a9 wp-block-button animated fadeInRight\"><a href=\"https:\/\/dulcemichoacan.com\/es\/menu\/\" class=\"uagb-marketing-btn__link wp-block-button__link\" target=\"\" rel=\"noopener noreferrer\"><span class=\"uagb-marketing-btn__title\">Ver Men\u00fa<\/span><svg xmlns=\"https:\/\/www.w3.org\/2000\/svg\" viewbox=\"0 0 448 512\"><path d=\"M0 96C0 78.33 14.33 64 32 64H416C433.7 64 448 78.33 448 96C448 113.7 433.7 128 416 128H32C14.33 128 0 113.7 0 96zM0 256C0 238.3 14.33 224 32 224H416C433.7 224 448 238.3 448 256C448 273.7 433.7 288 416 288H32C14.33 288 0 273.7 0 256zM416 448H32C14.33 448 0 433.7 0 416C0 398.3 14.33 384 32 384H416C433.7 384 448 398.3 448 416C448 433.7 433.7 448 416 448z\"><\/path><\/svg><\/a><\/div>\n<\/div>\n<\/div><\/div>\n\n\n\n<div class=\"wp-block-uagb-container uagb-block-3d383170 alignfull uagb-is-root-container\">\n<div class=\"wp-block-uagb-container uagb-block-24b768db\">\n<div class=\"wp-block-uagb-advanced-heading uagb-block-0308588b\"><h2 class=\"uagb-heading-text\">S\u00edguenos en Redes<\/h2><\/div>\n\n\n\n<div class=\"wp-block-uagb-advanced-heading uagb-block-ec2d3d7e\"><h2 class=\"uagb-heading-text\">\u00a1No te pierdas nuestras \u00faltimas novedades!<\/h2><\/div>\n<\/div>\n\n\n\n<div class=\"wp-block-uagb-container uagb-block-5f6cd7ef\">\n<ul class=\"wp-block-social-links aligncenter has-huge-icon-size is-nowrap is-layout-flex wp-container-core-social-links-is-layout-1 wp-block-social-links-is-layout-flex\"><li class=\"wp-social-link wp-social-link-facebook  wp-block-social-link\"><a href=\"https:\/\/www.facebook.com\/DMicecreamlv\" class=\"wp-block-social-link-anchor\"><svg width=\"24\" height=\"24\" viewbox=\"0 0 24 24\" version=\"1.1\" xmlns=\"http:\/\/www.w3.org\/2000\/svg\" aria-hidden=\"true\" focusable=\"false\"><path d=\"M12 2C6.5 2 2 6.5 2 12c0 5 3.7 9.1 8.4 9.9v-7H7.9V12h2.5V9.8c0-2.5 1.5-3.9 3.8-3.9 1.1 0 2.2.2 2.2.2v2.5h-1.3c-1.2 0-1.6.8-1.6 1.6V12h2.8l-.4 2.9h-2.3v7C18.3 21.1 22 17 22 12c0-5.5-4.5-10-10-10z\"><\/path><\/svg><span class=\"wp-block-social-link-label screen-reader-text\">Facebook<\/span><\/a><\/li>\n\n<li class=\"wp-social-link wp-social-link-instagram  wp-block-social-link\"><a href=\"https:\/\/www.instagram.com\/dm_icecreamlv\/\" class=\"wp-block-social-link-anchor\"><svg width=\"24\" height=\"24\" viewbox=\"0 0 24 24\" version=\"1.1\" xmlns=\"http:\/\/www.w3.org\/2000\/svg\" aria-hidden=\"true\" focusable=\"false\"><path d=\"M12,4.622c2.403,0,2.688,0.009,3.637,0.052c0.877,0.04,1.354,0.187,1.671,0.31c0.42,0.163,0.72,0.358,1.035,0.673 c0.315,0.315,0.51,0.615,0.673,1.035c0.123,0.317,0.27,0.794,0.31,1.671c0.043,0.949,0.052,1.234,0.052,3.637 s-0.009,2.688-0.052,3.637c-0.04,0.877-0.187,1.354-0.31,1.671c-0.163,0.42-0.358,0.72-0.673,1.035 c-0.315,0.315-0.615,0.51-1.035,0.673c-0.317,0.123-0.794,0.27-1.671,0.31c-0.949,0.043-1.233,0.052-3.637,0.052 s-2.688-0.009-3.637-0.052c-0.877-0.04-1.354-0.187-1.671-0.31c-0.42-0.163-0.72-0.358-1.035-0.673 c-0.315-0.315-0.51-0.615-0.673-1.035c-0.123-0.317-0.27-0.794-0.31-1.671C4.631,14.688,4.622,14.403,4.622,12 s0.009-2.688,0.052-3.637c0.04-0.877,0.187-1.354,0.31-1.671c0.163-0.42,0.358-0.72,0.673-1.035 c0.315-0.315,0.615-0.51,1.035-0.673c0.317-0.123,0.794-0.27,1.671-0.31C9.312,4.631,9.597,4.622,12,4.622 M12,3 C9.556,3,9.249,3.01,8.289,3.054C7.331,3.098,6.677,3.25,6.105,3.472C5.513,3.702,5.011,4.01,4.511,4.511 c-0.5,0.5-0.808,1.002-1.038,1.594C3.25,6.677,3.098,7.331,3.054,8.289C3.01,9.249,3,9.556,3,12c0,2.444,0.01,2.751,0.054,3.711 c0.044,0.958,0.196,1.612,0.418,2.185c0.23,0.592,0.538,1.094,1.038,1.594c0.5,0.5,1.002,0.808,1.594,1.038 c0.572,0.222,1.227,0.375,2.185,0.418C9.249,20.99,9.556,21,12,21s2.751-0.01,3.711-0.054c0.958-0.044,1.612-0.196,2.185-0.418 c0.592-0.23,1.094-0.538,1.594-1.038c0.5-0.5,0.808-1.002,1.038-1.594c0.222-0.572,0.375-1.227,0.418-2.185 C20.99,14.751,21,14.444,21,12s-0.01-2.751-0.054-3.711c-0.044-0.958-0.196-1.612-0.418-2.185c-0.23-0.592-0.538-1.094-1.038-1.594 c-0.5-0.5-1.002-0.808-1.594-1.038c-0.572-0.222-1.227-0.375-2.185-0.418C14.751,3.01,14.444,3,12,3L12,3z M12,7.378 c-2.552,0-4.622,2.069-4.622,4.622S9.448,16.622,12,16.622s4.622-2.069,4.622-4.622S14.552,7.378,12,7.378z M12,15 c-1.657,0-3-1.343-3-3s1.343-3,3-3s3,1.343,3,3S13.657,15,12,15z M16.804,6.116c-0.596,0-1.08,0.484-1.08,1.08 s0.484,1.08,1.08,1.08c0.596,0,1.08-0.484,1.08-1.08S17.401,6.116,16.804,6.116z\"><\/path><\/svg><span class=\"wp-block-social-link-label screen-reader-text\">Instagram<\/span><\/a><\/li>\n\n<li class=\"wp-social-link wp-social-link-tiktok  wp-block-social-link\"><a href=\"https:\/\/www.tiktok.com\/@dmicecream\" class=\"wp-block-social-link-anchor\"><svg width=\"24\" height=\"24\" viewbox=\"0 0 32 32\" version=\"1.1\" xmlns=\"http:\/\/www.w3.org\/2000\/svg\" aria-hidden=\"true\" focusable=\"false\"><path d=\"M16.708 0.027c1.745-0.027 3.48-0.011 5.213-0.027 0.105 2.041 0.839 4.12 2.333 5.563 1.491 1.479 3.6 2.156 5.652 2.385v5.369c-1.923-0.063-3.855-0.463-5.6-1.291-0.76-0.344-1.468-0.787-2.161-1.24-0.009 3.896 0.016 7.787-0.025 11.667-0.104 1.864-0.719 3.719-1.803 5.255-1.744 2.557-4.771 4.224-7.88 4.276-1.907 0.109-3.812-0.411-5.437-1.369-2.693-1.588-4.588-4.495-4.864-7.615-0.032-0.667-0.043-1.333-0.016-1.984 0.24-2.537 1.495-4.964 3.443-6.615 2.208-1.923 5.301-2.839 8.197-2.297 0.027 1.975-0.052 3.948-0.052 5.923-1.323-0.428-2.869-0.308-4.025 0.495-0.844 0.547-1.485 1.385-1.819 2.333-0.276 0.676-0.197 1.427-0.181 2.145 0.317 2.188 2.421 4.027 4.667 3.828 1.489-0.016 2.916-0.88 3.692-2.145 0.251-0.443 0.532-0.896 0.547-1.417 0.131-2.385 0.079-4.76 0.095-7.145 0.011-5.375-0.016-10.735 0.025-16.093z\" \/><\/svg><span class=\"wp-block-social-link-label screen-reader-text\">TikTok<\/span><\/a><\/li><\/ul>\n<\/div>\n<\/div>\n\n\n\n<div class=\"wp-block-uagb-container uagb-block-240ede9f alignfull uagb-is-root-container\"><div class=\"uagb-container-inner-blocks-wrap\">\n<div class=\"wp-block-uagb-advanced-heading uagb-block-0c69d2b7 animated fadeInDown\"><h2 class=\"uagb-heading-text\">\u00a1Ven a Visitarnos!<\/h2><div class=\"uagb-separator\"><\/div><\/div>\n\n\n\n<iframe src=\"https:\/\/www.google.com\/maps\/embed?pb=!1m14!1m8!1m3!1d12897.912242957646!2d-115.1193188!3d36.0818328!3m2!1i1024!2i768!4f13.1!3m3!1m2!1s0x80c8c5a05a24b223%3A0x88bcf3262ffecace!2sDulce%20Michoacan%20ice%20cream!5e0!3m2!1sen!2smx!4v1703353716027!5m2!1sen!2smx\" width=\"100%\" height=\"450\" style=\"border:0;\" allowfullscreen=\"no\" loading=\"lazy\" referrerpolicy=\"no-referrer-when-downgrade\"><\/iframe>\n<\/div><\/div>","protected":false},"excerpt":{"rendered":"<p>Looking for Delivery or pickup? Our Signature is the authentic Mexican Flavor Proud of our mexican origins Follow Us on social! Don&#8217;t miss Our latest News !!!<\/p>","protected":false},"author":1,"featured_media":0,"parent":0,"menu_order":0,"comment_status":"closed","ping_status":"closed","template":"","meta":{"_uag_custom_page_level_css":"","site-sidebar-layout":"default","site-content-layout":"","ast-site-content-layout":"default","site-content-style":"default","site-sidebar-style":"default","ast-global-header-display":"","ast-banner-title-visibility":"disabled","ast-main-header-display":"","ast-hfb-above-header-display":"","ast-hfb-below-header-display":"","ast-hfb-mobile-header-display":"","site-post-title":"disabled","ast-breadcrumbs-content":"disabled","ast-featured-img":"disabled","footer-sml-layout":"","theme-transparent-header-meta":"default","adv-header-id-meta":"","stick-header-meta":"","header-above-stick-meta":"","header-main-stick-meta":"","header-below-stick-meta":"","astra-migrate-meta-layouts":"set","ast-page-background-enabled":"default","ast-page-background-meta":{"desktop":{"background-color":"var(--ast-global-color-4)","background-image":"","background-repeat":"repeat","background-position":"center center","background-size":"auto","background-attachment":"scroll","background-type":"","background-media":"","overlay-type":"","overlay-color":"","overlay-opacity":"","overlay-gradient":""},"tablet":{"background-color":"","background-image":"","background-repeat":"repeat","background-position":"center center","background-size":"auto","background-attachment":"scroll","background-type":"","background-media":"","overlay-type":"","overlay-color":"","overlay-opacity":"","overlay-gradient":""},"mobile":{"background-color":"","background-image":"","background-repeat":"repeat","background-position":"center center","background-size":"auto","background-attachment":"scroll","background-type":"","background-media":"","overlay-type":"","overlay-color":"","overlay-opacity":"","overlay-gradient":""}},"ast-content-background-meta":{"desktop":{"background-color":"var(--ast-global-color-5)","background-image":"","background-repeat":"repeat","background-position":"center center","background-size":"auto","background-attachment":"scroll","background-type":"","background-media":"","overlay-type":"","overlay-color":"","overlay-opacity":"","overlay-gradient":""},"tablet":{"background-color":"var(--ast-global-color-5)","background-image":"","background-repeat":"repeat","background-position":"center center","background-size":"auto","background-attachment":"scroll","background-type":"","background-media":"","overlay-type":"","overlay-color":"","overlay-opacity":"","overlay-gradient":""},"mobile":{"background-color":"var(--ast-global-color-5)","background-image":"","background-repeat":"repeat","background-position":"center center","background-size":"auto","background-attachment":"scroll","background-type":"","background-media":"","overlay-type":"","overlay-color":"","overlay-opacity":"","overlay-gradient":""}},"_themeisle_gutenberg_block_has_review":false,"footnotes":""},"uagb_featured_image_src":{"full":false,"thumbnail":false,"medium":false,"medium_large":false,"large":false,"1536x1536":false,"2048x2048":false,"trp-custom-language-flag":false},"uagb_author_info":{"display_name":"ddraig","author_link":"https:\/\/dulcemichoacan.com\/es\/author\/ddraig\/"},"uagb_comment_info":0,"uagb_excerpt":"Looking for Delivery or pickup? Our Signature is the authentic Mexican Flavor Proud of our mexican origins Follow Us on social! Don&#8217;t miss Our latest News !!!","_links":{"self":[{"href":"https:\/\/dulcemichoacan.com\/es\/wp-json\/wp\/v2\/pages\/28"}],"collection":[{"href":"https:\/\/dulcemichoacan.com\/es\/wp-json\/wp\/v2\/pages"}],"about":[{"href":"https:\/\/dulcemichoacan.com\/es\/wp-json\/wp\/v2\/types\/page"}],"author":[{"embeddable":true,"href":"https:\/\/dulcemichoacan.com\/es\/wp-json\/wp\/v2\/users\/1"}],"replies":[{"embeddable":true,"href":"https:\/\/dulcemichoacan.com\/es\/wp-json\/wp\/v2\/comments?post=28"}],"version-history":[{"count":16,"href":"https:\/\/dulcemichoacan.com\/es\/wp-json\/wp\/v2\/pages\/28\/revisions"}],"predecessor-version":[{"id":893,"href":"https:\/\/dulcemichoacan.com\/es\/wp-json\/wp\/v2\/pages\/28\/revisions\/893"}],"wp:attachment":[{"href":"https:\/\/dulcemichoacan.com\/es\/wp-json\/wp\/v2\/media?parent=28"}],"curies":[{"name":"wp","href":"https:\/\/api.w.org\/{rel}","templated":true}]}}